{"id":3408,"date":"2022-07-05T12:28:32","date_gmt":"2022-07-05T19:28:32","guid":{"rendered":"https:\/\/ca-vc.org\/?page_id=3408"},"modified":"2026-02-02T12:29:51","modified_gmt":"2026-02-02T20:29:51","slug":"applications","status":"publish","type":"page","link":"https:\/\/ca-vc.org\/es\/applications\/","title":{"rendered":"Aplicaciones"},"content":{"rendered":"<h2>\n\t\t\tConsigue ayuda\t<\/h2>\n<h1>\n\t\t\tAplicaciones\t<\/h1>\n\t<p>Our HEAP and Weatherization, and Water Assistance programs require applications and a review of importance to assess your eligibility for these services. Please find applications and important information about these programs below, as well as important information about our weekly Food Program.<\/p>\n\t\t\t\t<img decoding=\"async\" data-src=\"https:\/\/ca-vc.org\/wp-content\/uploads\/2022\/07\/Sylvia-photo-for-newsletter.jpg\" alt=\"Sylvia on the phone\" itemprop=\"image\" height=\"708\" width=\"568\" onerror=\"this.style.display='none'\" src=\"data:image\/svg+xml;base64,PHN2ZyB3aWR0aD0iMSIgaGVpZ2h0PSIxIiB4bWxucz0iaHR0cDovL3d3dy53My5vcmcvMjAwMC9zdmciPjwvc3ZnPg==\" class=\"lazyload\" style=\"--smush-placeholder-width: 568px; --smush-placeholder-aspect-ratio: 568\/708;\" \/>\n<h3>\n\t\t\tWX\/HEAP Utility Assistance\t<\/h3>\n\tFor assistance with your <strong>MONT\u00d3N<\/strong> application,<br \/>\ncall 805-436-4021.\n\t\t\t<a href=\"https:\/\/ca-vc.org\/wp-content\/uploads\/2026\/02\/HEAP-APPLICATION-ENGLISH-2026.pdf\" target=\"_blank\" rel=\"noopener\">\n\t\t\t\t\t\tWX\/HEAP Utility Assistance &#8211; ENGLISH\n\t\t\t\t\t<\/a>\n\t\t\t<a href=\"https:\/\/ca-vc.org\/wp-content\/uploads\/2026\/02\/HEAP-APPLICATION-SPANISH-2026.pdf\" target=\"_blank\" rel=\"noopener\">\n\t\t\t\t\t\tWX\/HEAP Utility Assistance &#8211; SPANISH\n\t\t\t\t\t<\/a>\n\t\t\t<a href=\"https:\/\/www.caliheapapply.com\/\" target=\"_blank\" rel=\"noopener\">\n\t\t\t\t\t\tWX\/HEAP Utility Assistance &#8211; Online Application\n\t\t\t\t\t<\/a>\n\t<p>Tenga en cuenta tambi\u00e9n que se requerir\u00e1n los siguientes documentos para procesar su solicitud.<\/p>\n<ol>\n<li>Identificaci\u00f3n v\u00e1lida con foto de California<\/li>\n<li>Tarjeta de seguro Social<\/li>\n<li>T\u00e9rminos actuales de detalle de gas<\/li>\n<li>Factura de electricidad actual que detalla los t\u00e9rminos y usos de kilovatios<\/li>\n<li>Documentaci\u00f3n de ingresos para todos los miembros adultos (mayores de 18) del hogar durante las 4 semanas anteriores (los talones de cheques de pago deben mostrar los montos brutos recibidos)<\/li>\n<li>Recibo de pago de alquiler o casa del mes en curso<\/li>\n<\/ol>\n<h3>\n\t\t\tWATER ASSISTANCE\t<\/h3>\n\t<p>Water program has ended. Call 211 for more information.<\/p>\n<h3>\n\t\t\tWEATHERIZATION\t<\/h3>\n<h3>\n\t\t\tImportant Information to know\t<\/h3>\n\t<p>Cuando solicite asistencia para la climatizaci\u00f3n, se le pedir\u00e1 que revise esta informaci\u00f3n sobre la seguridad del plomo, el moho, el rad\u00f3n y el asbesto en los hogares.<\/p>\n<p>Para obtener asistencia y m\u00e1s informaci\u00f3n, llame a nuestra l\u00ednea de mensajes de climatizaci\u00f3n al 805-436-4035.<\/p>\n<h3>\n\t\t\tSeguridad con el plomo: renueve bien\t<\/h3>\n\t\t\t<a href=\"https:\/\/www.epa.gov\/sites\/default\/files\/2020-09\/documents\/renovaterightbrochurecolor.pdf\" target=\"_blank\" rel=\"noopener\">\n\t\t\t\t\t\t INGL\u00c9S\n\t\t\t\t\t<\/a>\n\t\t\t<a href=\"https:\/\/www.epa.gov\/sites\/default\/files\/2020-09\/documents\/renovaterightbrochure-esp-color-booklet.pdf\" target=\"_blank\" rel=\"noopener\">\n\t\t\t\t\t\tESPA\u00d1OL\n\t\t\t\t\t<\/a>\n<h3>\n\t\t\tEducaci\u00f3n sobre el moho y la humedad: una breve gu\u00eda sobre el moho y la humedad en su hogar\t<\/h3>\n\t\t\t<a href=\"https:\/\/www.epa.gov\/sites\/default\/files\/2016-10\/documents\/moldguide12.pdf\" target=\"_blank\" rel=\"noopener\">\n\t\t\t\t\t\t INGL\u00c9S\n\t\t\t\t\t<\/a>\n\t\t\t<a href=\"https:\/\/espanol.epa.gov\/sites\/default\/files\/2015-08\/documents\/moldguide_sp_1.pdf\" target=\"_blank\" rel=\"noopener\">\n\t\t\t\t\t\tESPA\u00d1OL\n\t\t\t\t\t<\/a>\n<h3>\n\t\t\tEducaci\u00f3n sobre el rad\u00f3n: una gu\u00eda para los ciudadanos sobre el rad\u00f3n\t<\/h3>\n\t\t\t<a href=\"https:\/\/www.epa.gov\/sites\/default\/files\/2016-12\/documents\/2016_a_citizens_guide_to_radon.pdf\" target=\"_blank\" rel=\"noopener\">\n\t\t\t\t\t\t INGL\u00c9S\n\t\t\t\t\t<\/a>\n\t\t\t<a href=\"https:\/\/espanol.epa.gov\/sites\/default\/files\/2017-09\/documents\/manual_informativo_sobre_el_radon.pdf\" target=\"_blank\" rel=\"noopener\">\n\t\t\t\t\t\tESPA\u00d1OL\n\t\t\t\t\t<\/a>\n<h3>\n\t\t\tEducaci\u00f3n sobre el asbesto: Preguntas frecuentes sobre el asbesto en el hogar y el lugar de trabajo\t<\/h3>\n\t\t\t<a href=\"https:\/\/www.cdph.ca.gov\/Programs\/CCDPHP\/DEODC\/EHLB\/AQS\/CDPH%20Document%20Library\/AsbestosFactSheet_202202_final-ADA2c.pdf\" target=\"_blank\" rel=\"noopener\">\n\t\t\t\t\t\t INGL\u00c9S\n\t\t\t\t\t<\/a>\n<h3>\n\t\t\tFOOD PROGRAM\t<\/h3>\n\t<p>Nuestro Programa de Alimentos distribuye alimentos todos los jueves por la ma\u00f1ana en nuestro campus. Lleve una de las siguientes formas de identificaci\u00f3n a la l\u00ednea de servicio para asegurarse de que podamos atender a tantas personas como podamos.<\/p>\n\t<ul>\n<li>Driver&#8217;s License or State I.D. for all adults<\/li>\n<li>Tarjeta de identificaci\u00f3n con foto v\u00e1lida<\/li>\n<li>Carta de adjudicaci\u00f3n de seguro Social<\/li>\n<li>Tal\u00f3n de cheque de discapacidad o carta de adjudicaci\u00f3n<\/li>\n<li>Tal\u00f3n de cheque de desempleo o carta de adjudicaci\u00f3n<\/li>\n<li>tal\u00f3n de cheque<\/li>\n<li>Extracto de cuenta<\/li>\n<\/ul>\n\t\t\t\t<img decoding=\"async\" data-src=\"https:\/\/ca-vc.org\/wp-content\/uploads\/2022\/07\/IMG_1726.jpeg\" alt=\"Community Action Ventura County Team Photo\" itemprop=\"image\" height=\"900\" width=\"1200\" onerror=\"this.style.display='none'\" src=\"data:image\/svg+xml;base64,PHN2ZyB3aWR0aD0iMSIgaGVpZ2h0PSIxIiB4bWxucz0iaHR0cDovL3d3dy53My5vcmcvMjAwMC9zdmciPjwvc3ZnPg==\" class=\"lazyload\" style=\"--smush-placeholder-width: 1200px; --smush-placeholder-aspect-ratio: 1200\/900;\" \/>\n<h3>\n\t\t\tSacar a las comunidades de la pobreza hoy\t<\/h3>\n\t\t\t<a href=\"https:\/\/interland3.donorperfect.net\/weblink\/WebLink.aspx?name=E346140&#038;id=3\" target=\"_blank\" rel=\"noopener\">\n\t\t\t\t\t\t\t\u00a1DONE AHORA!\n\t\t\t\t\t<\/a>","protected":false},"excerpt":{"rendered":"<p>Get Help Applications Our HEAP and Weatherization, and Water Assistance programs require applications and a review of importance to assess your eligibility for these services. Please find applications and important&hellip;<\/p>","protected":false},"author":1,"featured_media":0,"parent":0,"menu_order":0,"comment_status":"closed","ping_status":"closed","template":"","meta":{"_price":"","_stock":"","_tribe_ticket_header":"","_tribe_default_ticket_provider":"","_tribe_ticket_capacity":"0","_ticket_start_date":"","_ticket_end_date":"","_tribe_ticket_show_description":"","_tribe_ticket_show_not_going":false,"_tribe_ticket_use_global_stock":"","_tribe_ticket_global_stock_level":"","_global_stock_mode":"","_global_stock_cap":"","_tribe_rsvp_for_event":"","_tribe_ticket_going_count":"","_tribe_ticket_not_going_count":"","_tribe_tickets_list":"[]","_tribe_ticket_has_attendee_info_fields":false,"footnotes":"","_tec_slr_enabled":"","_tec_slr_layout":""},"class_list":["post-3408","page","type-page","status-publish","hentry"],"yoast_head":"<!-- This site is optimized with the Yoast SEO plugin v25.7 - https:\/\/yoast.com\/wordpress\/plugins\/seo\/ -->\n<title>Applications - Community Action VC<\/title>\n<meta name=\"robots\" content=\"index, follow, max-snippet:-1, max-image-preview:large, max-video-preview:-1\" \/>\n<link rel=\"canonical\" href=\"https:\/\/ca-vc.org\/es\/applications\/\" \/>\n<meta property=\"og:locale\" content=\"es_MX\" \/>\n<meta property=\"og:type\" content=\"article\" \/>\n<meta property=\"og:title\" content=\"Applications - Community Action VC\" \/>\n<meta property=\"og:description\" content=\"Get Help Applications Our HEAP and Weatherization, and Water Assistance programs require applications and a review of importance to assess your eligibility for these services. Please find applications and important&hellip;\" \/>\n<meta property=\"og:url\" content=\"https:\/\/ca-vc.org\/es\/applications\/\" \/>\n<meta property=\"og:site_name\" content=\"Community Action VC\" \/>\n<meta property=\"article:publisher\" content=\"https:\/\/www.facebook.com\/capventura\/\" \/>\n<meta property=\"article:modified_time\" content=\"2026-02-02T20:29:51+00:00\" \/>\n<meta property=\"og:image\" content=\"https:\/\/ca-vc.org\/wp-content\/uploads\/2022\/07\/Sylvia-photo-for-newsletter.jpg\" \/>\n<meta name=\"twitter:card\" content=\"summary_large_image\" \/>\n<meta name=\"twitter:site\" content=\"@cap_ventura\" \/>\n<script type=\"application\/ld+json\" class=\"yoast-schema-graph\">{\"@context\":\"https:\/\/schema.org\",\"@graph\":[{\"@type\":\"WebPage\",\"@id\":\"https:\/\/ca-vc.org\/applications\/\",\"url\":\"https:\/\/ca-vc.org\/applications\/\",\"name\":\"Applications - Community Action VC\",\"isPartOf\":{\"@id\":\"https:\/\/ca-vc.org\/#website\"},\"primaryImageOfPage\":{\"@id\":\"https:\/\/ca-vc.org\/applications\/#primaryimage\"},\"image\":{\"@id\":\"https:\/\/ca-vc.org\/applications\/#primaryimage\"},\"thumbnailUrl\":\"https:\/\/ca-vc.org\/wp-content\/uploads\/2022\/07\/Sylvia-photo-for-newsletter.jpg\",\"datePublished\":\"2022-07-05T19:28:32+00:00\",\"dateModified\":\"2026-02-02T20:29:51+00:00\",\"breadcrumb\":{\"@id\":\"https:\/\/ca-vc.org\/applications\/#breadcrumb\"},\"inLanguage\":\"es\",\"potentialAction\":[{\"@type\":\"ReadAction\",\"target\":[\"https:\/\/ca-vc.org\/applications\/\"]}]},{\"@type\":\"ImageObject\",\"inLanguage\":\"es\",\"@id\":\"https:\/\/ca-vc.org\/applications\/#primaryimage\",\"url\":\"https:\/\/ca-vc.org\/wp-content\/uploads\/2022\/07\/Sylvia-photo-for-newsletter.jpg\",\"contentUrl\":\"https:\/\/ca-vc.org\/wp-content\/uploads\/2022\/07\/Sylvia-photo-for-newsletter.jpg\"},{\"@type\":\"BreadcrumbList\",\"@id\":\"https:\/\/ca-vc.org\/applications\/#breadcrumb\",\"itemListElement\":[{\"@type\":\"ListItem\",\"position\":1,\"name\":\"Home\",\"item\":\"https:\/\/ca-vc.org\/\"},{\"@type\":\"ListItem\",\"position\":2,\"name\":\"Applications\"}]},{\"@type\":\"WebSite\",\"@id\":\"https:\/\/ca-vc.org\/#website\",\"url\":\"https:\/\/ca-vc.org\/\",\"name\":\"Community Action VC\",\"description\":\"Helping People. Changing Lives.\",\"publisher\":{\"@id\":\"https:\/\/ca-vc.org\/#organization\"},\"potentialAction\":[{\"@type\":\"SearchAction\",\"target\":{\"@type\":\"EntryPoint\",\"urlTemplate\":\"https:\/\/ca-vc.org\/?s={search_term_string}\"},\"query-input\":{\"@type\":\"PropertyValueSpecification\",\"valueRequired\":true,\"valueName\":\"search_term_string\"}}],\"inLanguage\":\"es\"},{\"@type\":\"Organization\",\"@id\":\"https:\/\/ca-vc.org\/#organization\",\"name\":\"Community Action of Ventura County\",\"url\":\"https:\/\/ca-vc.org\/\",\"logo\":{\"@type\":\"ImageObject\",\"inLanguage\":\"es\",\"@id\":\"https:\/\/ca-vc.org\/#\/schema\/logo\/image\/\",\"url\":\"https:\/\/ca-vc.org\/wp-content\/uploads\/2018\/12\/LOGO-2022-OFFICIAL-B.png\",\"contentUrl\":\"https:\/\/ca-vc.org\/wp-content\/uploads\/2018\/12\/LOGO-2022-OFFICIAL-B.png\",\"width\":1000,\"height\":387,\"caption\":\"Community Action of Ventura County\"},\"image\":{\"@id\":\"https:\/\/ca-vc.org\/#\/schema\/logo\/image\/\"},\"sameAs\":[\"https:\/\/www.facebook.com\/capventura\/\",\"https:\/\/x.com\/cap_ventura\",\"https:\/\/www.instagram.com\/cap_ventura\/\"]}]}<\/script>\n<!-- \/ Yoast SEO plugin. -->","yoast_head_json":{"title":"Applications - Community Action VC","robots":{"index":"index","follow":"follow","max-snippet":"max-snippet:-1","max-image-preview":"max-image-preview:large","max-video-preview":"max-video-preview:-1"},"canonical":"https:\/\/ca-vc.org\/es\/applications\/","og_locale":"es_MX","og_type":"article","og_title":"Applications - Community Action VC","og_description":"Get Help Applications Our HEAP and Weatherization, and Water Assistance programs require applications and a review of importance to assess your eligibility for these services. Please find applications and important&hellip;","og_url":"https:\/\/ca-vc.org\/es\/applications\/","og_site_name":"Community Action VC","article_publisher":"https:\/\/www.facebook.com\/capventura\/","article_modified_time":"2026-02-02T20:29:51+00:00","og_image":[{"url":"https:\/\/ca-vc.org\/wp-content\/uploads\/2022\/07\/Sylvia-photo-for-newsletter.jpg","type":"","width":"","height":""}],"twitter_card":"summary_large_image","twitter_site":"@cap_ventura","schema":{"@context":"https:\/\/schema.org","@graph":[{"@type":"WebPage","@id":"https:\/\/ca-vc.org\/applications\/","url":"https:\/\/ca-vc.org\/applications\/","name":"Applications - Community Action VC","isPartOf":{"@id":"https:\/\/ca-vc.org\/#website"},"primaryImageOfPage":{"@id":"https:\/\/ca-vc.org\/applications\/#primaryimage"},"image":{"@id":"https:\/\/ca-vc.org\/applications\/#primaryimage"},"thumbnailUrl":"https:\/\/ca-vc.org\/wp-content\/uploads\/2022\/07\/Sylvia-photo-for-newsletter.jpg","datePublished":"2022-07-05T19:28:32+00:00","dateModified":"2026-02-02T20:29:51+00:00","breadcrumb":{"@id":"https:\/\/ca-vc.org\/applications\/#breadcrumb"},"inLanguage":"es","potentialAction":[{"@type":"ReadAction","target":["https:\/\/ca-vc.org\/applications\/"]}]},{"@type":"ImageObject","inLanguage":"es","@id":"https:\/\/ca-vc.org\/applications\/#primaryimage","url":"https:\/\/ca-vc.org\/wp-content\/uploads\/2022\/07\/Sylvia-photo-for-newsletter.jpg","contentUrl":"https:\/\/ca-vc.org\/wp-content\/uploads\/2022\/07\/Sylvia-photo-for-newsletter.jpg"},{"@type":"BreadcrumbList","@id":"https:\/\/ca-vc.org\/applications\/#breadcrumb","itemListElement":[{"@type":"ListItem","position":1,"name":"Home","item":"https:\/\/ca-vc.org\/"},{"@type":"ListItem","position":2,"name":"Applications"}]},{"@type":"WebSite","@id":"https:\/\/ca-vc.org\/#website","url":"https:\/\/ca-vc.org\/","name":"Community Action VC","description":"Helping People. Changing Lives.","publisher":{"@id":"https:\/\/ca-vc.org\/#organization"},"potentialAction":[{"@type":"SearchAction","target":{"@type":"EntryPoint","urlTemplate":"https:\/\/ca-vc.org\/?s={search_term_string}"},"query-input":{"@type":"PropertyValueSpecification","valueRequired":true,"valueName":"search_term_string"}}],"inLanguage":"es"},{"@type":"Organization","@id":"https:\/\/ca-vc.org\/#organization","name":"Acci\u00f3n Comunitaria del Condado de Ventura","url":"https:\/\/ca-vc.org\/","logo":{"@type":"ImageObject","inLanguage":"es","@id":"https:\/\/ca-vc.org\/#\/schema\/logo\/image\/","url":"https:\/\/ca-vc.org\/wp-content\/uploads\/2018\/12\/LOGO-2022-OFFICIAL-B.png","contentUrl":"https:\/\/ca-vc.org\/wp-content\/uploads\/2018\/12\/LOGO-2022-OFFICIAL-B.png","width":1000,"height":387,"caption":"Community Action of Ventura County"},"image":{"@id":"https:\/\/ca-vc.org\/#\/schema\/logo\/image\/"},"sameAs":["https:\/\/www.facebook.com\/capventura\/","https:\/\/x.com\/cap_ventura","https:\/\/www.instagram.com\/cap_ventura\/"]}]}},"ticketed":false,"_links":{"self":[{"href":"https:\/\/ca-vc.org\/es\/wp-json\/wp\/v2\/pages\/3408","targetHints":{"allow":["GET"]}}],"collection":[{"href":"https:\/\/ca-vc.org\/es\/wp-json\/wp\/v2\/pages"}],"about":[{"href":"https:\/\/ca-vc.org\/es\/wp-json\/wp\/v2\/types\/page"}],"author":[{"embeddable":true,"href":"https:\/\/ca-vc.org\/es\/wp-json\/wp\/v2\/users\/1"}],"replies":[{"embeddable":true,"href":"https:\/\/ca-vc.org\/es\/wp-json\/wp\/v2\/comments?post=3408"}],"version-history":[{"count":0,"href":"https:\/\/ca-vc.org\/es\/wp-json\/wp\/v2\/pages\/3408\/revisions"}],"wp:attachment":[{"href":"https:\/\/ca-vc.org\/es\/wp-json\/wp\/v2\/media?parent=3408"}],"curies":[{"name":"wp","href":"https:\/\/api.w.org\/{rel}","templated":true}]}}