{"id":3368,"date":"2022-06-27T10:58:01","date_gmt":"2022-06-27T17:58:01","guid":{"rendered":"https:\/\/ca-vc.org\/?page_id=3368"},"modified":"2025-07-29T16:47:35","modified_gmt":"2025-07-29T23:47:35","slug":"directions-contact-info","status":"publish","type":"page","link":"https:\/\/ca-vc.org\/es\/directions-contact-info\/","title":{"rendered":"Direcciones e informaci\u00f3n de contacto"},"content":{"rendered":"<h2>\n\t\tCont\u00e1ctenos\n\t<\/h2>\n<h1>\n\t\tDirecciones e informaci\u00f3n de contacto\n\t<\/h1>\n<h2>\n\t\tAcci\u00f3n Comunitaria del Condado de Ventura\n\t<\/h2>\n<h3>\n\t\tHoras de operaci\u00f3n\n\t<\/h3>\n\tMonday &#8211; 8:30am &#8211; 4pm<br \/>\nTuesday &#8211; Walk-In Service Closed<br \/>\nWednesday &#8211; 8:30am &#8211; 4pm<br \/>\nThursday &#8211; Walk-In Service Closed<br \/>\nFriday &#8211; 8:30am &#8211; 4pm\n<p>*<em>Closed for Lunch 12-1pm<\/em><\/p>\n<em>FOOD PANTRY WILL BE OPEN ON THE<br \/>\n2ND &amp; 4TH THURSDAYS FROM 8:30AM-12PM<\/em>\n<p>&nbsp;<\/p>\n\t<iframe src=\"https:\/\/www.google.com\/maps\/embed\/v1\/place?q=Community+Action+of+Ventura+County%0A621+Richmond+Avenue%0AOxnard%2C+CA+93030&#038;key=AIzaSyD09zQ9PNDNNy9TadMuzRV_UsPUoWKntt8\" aria-hidden=\"true\" title=\"Acci\u00f3n Comunitaria del Condado de Ventura\"><\/iframe>\n<h3>\n\t\t2025 Holiday Schedule\n\t<\/h3>\n\tJanuary 1st &#8211; New Year&#8217;s Day<br \/>\nJanuary 20th &#8211; Martin Luther King Day<br \/>\nFebruary 17th &#8211; Presidents Day<br \/>\nMarch 31st &#8211; Cesar Chavez Day<br \/>\nMay 26th &#8211; Memorial Day\n\tJune 19th &#8211; Juneteenth<br \/>\nJuly 4th &#8211; Independence Day<br \/>\nSeptember 1st &#8211; Labor Day<br \/>\nNovember 11th &#8211; Veterans Day<br \/>\nNovember 27th &#8211; Thanksgiving Day\n\tNovember 28th &#8211; Day After Thanksgiving<br \/>\nDecember 24th &#8211; Christmas Eve<br \/>\nDecember 25th &#8211; Christmas Day<br \/>\nJanuary 1st, 2026 &#8211; New Year&#8217;s Day\n<h2>\n\t\tsimi valley satellite office\u00a0<br \/>\n\t<\/h2>\n\t<iframe src=\"https:\/\/www.google.com\/maps\/embed\/v1\/place?q=Free+Clinic+of+Simi+Valley%0A2003+Royal+Avenue%0ASimi+Valley%2C+CA+93065&#038;key=AIzaSyD09zQ9PNDNNy9TadMuzRV_UsPUoWKntt8\" aria-hidden=\"true\" title=\"Cl\u00ednica Gratuita de Simi Valley\"><\/iframe>\n<h2>\n\t\tSanta Paula Satellite Office\n\t<\/h2>\n\t<iframe src=\"https:\/\/www.google.com\/maps\/embed\/v1\/place?q=113+N+Mills+Street%2C+Santa+Paula%2C+CA+93060&#038;key=AIzaSyD09zQ9PNDNNy9TadMuzRV_UsPUoWKntt8\" aria-hidden=\"true\" title=\"SANTA PAULA SATELLITE OFFICE\"><\/iframe>\n<h2>\n\t\tTHOUSAND OAKS Satellite Office\n\t<\/h2>\n\t<iframe src=\"https:\/\/www.google.com\/maps\/embed\/v1\/place?q=80+E+Hillcrest+Dr+STE+205A%2C+Thousand+Oaks%2C+CA+91360&#038;key=AIzaSyD09zQ9PNDNNy9TadMuzRV_UsPUoWKntt8\" aria-hidden=\"true\" title=\"THOUSAND OAKS SATELLITE OFFICE\"><\/iframe>\n<h3>\n\t\tCont\u00e1ctenos\n\t<\/h3>\n<h3>\n\t\t\u00bfpreguntas? \u00a1Tenemos respuestas!\n\t<\/h3>\n\t<p>Comun\u00edquese con nosotros para obtener ayuda, obtener m\u00e1s informaci\u00f3n sobre nuestros programas o convertirse en voluntario.<\/p>\n\t\t\t\t\t\t\t&quot;*&quot; indicates required fields\n                        <form method='post' enctype='multipart\/form-data'  id='gform_1'  action='\/es\/?page_id=3368&#038;fl_builder' data-formid='1' data-trp-original-action=\"\/?page_id=3368&#038;fl_builder\"><input id=\"input_cd00638f3390ae35f984c721a3434f94\" type=\"hidden\" name=\"input_cd00638f3390ae35f984c721a3434f94\" value=\"\"\/>\n                        <fieldset id=\"field_1_1\"   data-js-reload=\"field_1_1\"><legend class='gfield_label gform-field-label gfield_label_before_complex'>Name*<\/legend>\n                                                    <input type='text' name='input_1.3' id='input_1_1_3' value=''   aria-required='true'   placeholder='Primer nombre'  \/>\n                                                    <label for='input_1_1_3' class='gform-field-label gform-field-label--type-sub'>First<\/label>\n                                                    <input type='text' name='input_1.6' id='input_1_1_6' value=''   aria-required='true'   placeholder='Apellido'  \/>\n                                                    <label for='input_1_1_6' class='gform-field-label gform-field-label--type-sub'>Last<\/label>\n                        <\/fieldset><label class='gfield_label gform-field-label' for='input_1_2'>Email*<\/label>\n                            <input name='input_2' id='input_1_2' type='text' value='' class='medium'   placeholder='Direcci\u00f3n de correo electr\u00f3nico' aria-required=\"true\" aria-invalid=\"false\"  \/>\n                        <fieldset id=\"field_1_4\"   data-js-reload=\"field_1_4\"><legend class='gfield_label gform-field-label gfield_label_before_complex'>I want to&#8230;*<\/legend>\n\t\t\t\t\t\t\t\t<input class='gfield-choice-input' name='input_4.1' type='checkbox'  value='Get help'  id='choice_1_4_1'   \/>\n\t\t\t\t\t\t\t\t<label for='choice_1_4_1' id='label_1_4_1' class='gform-field-label gform-field-label--type-inline'>Consigue ayuda<\/label>\n\t\t\t\t\t\t\t\t<input class='gfield-choice-input' name='input_4.2' type='checkbox'  value='Learn more about your programs'  id='choice_1_4_2'   \/>\n\t\t\t\t\t\t\t\t<label for='choice_1_4_2' id='label_1_4_2' class='gform-field-label gform-field-label--type-inline'>Obtenga m\u00e1s informaci\u00f3n sobre sus programas<\/label>\n\t\t\t\t\t\t\t\t<input class='gfield-choice-input' name='input_4.3' type='checkbox'  value='Become a volunteer'  id='choice_1_4_3'   \/>\n\t\t\t\t\t\t\t\t<label for='choice_1_4_3' id='label_1_4_3' class='gform-field-label gform-field-label--type-inline'>Convi\u00e9rtete en voluntario<\/label>\n\t\t\t\t\t\t\t<\/fieldset><label class='gfield_label gform-field-label' for='input_1_5'>Cu\u00e9ntanos m\u00e1s.<\/label><textarea name='input_5' id='input_1_5' class='textarea medium'    placeholder='Cu\u00e9ntanos m\u00e1s...'  aria-invalid=\"false\"   rows='10' cols='50'><\/textarea>\n         <input type='submit' id='gform_submit_button_1' class='gform_button button' value='Enviar'  onclick='if(window[\"gf_submitting_1\"]){return false;}  window[\"gf_submitting_1\"]=true;  ' onkeypress='if( event.keyCode == 13 ){ if(window[\"gf_submitting_1\"]){return false;} window[\"gf_submitting_1\"]=true;  jQuery(\"#gform_1\").trigger(\"submit\",[true]); }' \/> \n            <input type='hidden' class='gform_hidden' name='is_submit_1' value='1' \/>\n            <input type='hidden' class='gform_hidden' name='gform_submit' value='1' \/>\n            <input type='hidden' class='gform_hidden' name='gform_unique_id' value='' \/>\n            <input type='hidden' class='gform_hidden' name='state_1' value='WyJbXSIsIjRkMWIxNGMyYWNiNTc4Njk1YzI5ZTZiNDAyMGQ2NzhlIl0=' \/>\n            <input type='hidden' class='gform_hidden' name='gform_target_page_number_1' id='gform_target_page_number_1' value='0' \/>\n            <input type='hidden' class='gform_hidden' name='gform_source_page_number_1' id='gform_source_page_number_1' value='1' \/>\n            <input type='hidden' name='gform_field_values' value='' \/>\n                        <input type=\"hidden\" name=\"trp-form-language\" value=\"es\"\/><\/form>\n<h3>\n\t\tBoletin informativo\n\t<\/h3>\n\t<p>Reg\u00edstrese para obtener las \u00faltimas actualizaciones con CAVC.<\/p>\n<h3>\n\t\tSacar a las comunidades de la pobreza hoy\n\t<\/h3>\n\t\t\t<a href=\"https:\/\/secure.lglforms.com\/form_engine\/s\/hJORgdTTYpnw3hMKlKTLGA\" target=\"_blank\" role=\"button\" rel=\"noopener\">\n\t\t\t\t\t\t\t\u00a1DONE AHORA!\n\t\t\t\t\t<\/a>","protected":false},"excerpt":{"rendered":"<p>Contact Us Directions &#038; Contact Info Community Action of Ventura County Hours of Operation Monday &#8211; 8:30am &#8211; 4pm Tuesday &#8211; Walk-In Service Closed Wednesday &#8211; 8:30am &#8211; 4pm Thursday&hellip;<\/p>","protected":false},"author":1,"featured_media":0,"parent":0,"menu_order":0,"comment_status":"closed","ping_status":"closed","template":"","meta":{"_price":"","_stock":"","_tribe_ticket_header":"","_tribe_default_ticket_provider":"","_tribe_ticket_capacity":"0","_ticket_start_date":"","_ticket_end_date":"","_tribe_ticket_show_description":"","_tribe_ticket_show_not_going":false,"_tribe_ticket_use_global_stock":"","_tribe_ticket_global_stock_level":"","_global_stock_mode":"","_global_stock_cap":"","_tribe_rsvp_for_event":"","_tribe_ticket_going_count":"","_tribe_ticket_not_going_count":"","_tribe_tickets_list":"[]","_tribe_ticket_has_attendee_info_fields":false,"footnotes":"","_tec_slr_enabled":"","_tec_slr_layout":""},"class_list":["post-3368","page","type-page","status-publish","hentry"],"yoast_head":"<!-- This site is optimized with the Yoast SEO plugin v25.7 - https:\/\/yoast.com\/wordpress\/plugins\/seo\/ -->\n<title>Directions &amp; Contact Info - Community Action VC<\/title>\n<meta name=\"robots\" content=\"index, follow, max-snippet:-1, max-image-preview:large, max-video-preview:-1\" \/>\n<link rel=\"canonical\" href=\"https:\/\/ca-vc.org\/es\/directions-contact-info\/\" \/>\n<meta property=\"og:locale\" content=\"es_MX\" \/>\n<meta property=\"og:type\" content=\"article\" \/>\n<meta property=\"og:title\" content=\"Directions &amp; Contact Info - Community Action VC\" \/>\n<meta property=\"og:description\" content=\"Contact Us Directions &#038; Contact Info Community Action of Ventura County Hours of Operation Monday &#8211; 8:30am &#8211; 4pm Tuesday &#8211; Walk-In Service Closed Wednesday &#8211; 8:30am &#8211; 4pm Thursday&hellip;\" \/>\n<meta property=\"og:url\" content=\"https:\/\/ca-vc.org\/es\/directions-contact-info\/\" \/>\n<meta property=\"og:site_name\" content=\"Community Action VC\" \/>\n<meta property=\"article:publisher\" content=\"https:\/\/www.facebook.com\/capventura\/\" \/>\n<meta property=\"article:modified_time\" content=\"2025-07-29T23:47:35+00:00\" \/>\n<meta property=\"og:image\" content=\"https:\/\/ca-vc.org\/wp-content\/uploads\/2018\/12\/LOGO-2022-OFFICIAL-B.png\" \/>\n\t<meta property=\"og:image:width\" content=\"1000\" \/>\n\t<meta property=\"og:image:height\" content=\"387\" \/>\n\t<meta property=\"og:image:type\" content=\"image\/png\" \/>\n<meta name=\"twitter:card\" content=\"summary_large_image\" \/>\n<meta name=\"twitter:site\" content=\"@cap_ventura\" \/>\n<script type=\"application\/ld+json\" class=\"yoast-schema-graph\">{\"@context\":\"https:\/\/schema.org\",\"@graph\":[{\"@type\":\"WebPage\",\"@id\":\"https:\/\/ca-vc.org\/directions-contact-info\/\",\"url\":\"https:\/\/ca-vc.org\/directions-contact-info\/\",\"name\":\"Directions & Contact Info - Community Action VC\",\"isPartOf\":{\"@id\":\"https:\/\/ca-vc.org\/#website\"},\"datePublished\":\"2022-06-27T17:58:01+00:00\",\"dateModified\":\"2025-07-29T23:47:35+00:00\",\"breadcrumb\":{\"@id\":\"https:\/\/ca-vc.org\/directions-contact-info\/#breadcrumb\"},\"inLanguage\":\"es\",\"potentialAction\":[{\"@type\":\"ReadAction\",\"target\":[\"https:\/\/ca-vc.org\/directions-contact-info\/\"]}]},{\"@type\":\"BreadcrumbList\",\"@id\":\"https:\/\/ca-vc.org\/directions-contact-info\/#breadcrumb\",\"itemListElement\":[{\"@type\":\"ListItem\",\"position\":1,\"name\":\"Home\",\"item\":\"https:\/\/ca-vc.org\/\"},{\"@type\":\"ListItem\",\"position\":2,\"name\":\"Directions &#038; Contact Info\"}]},{\"@type\":\"WebSite\",\"@id\":\"https:\/\/ca-vc.org\/#website\",\"url\":\"https:\/\/ca-vc.org\/\",\"name\":\"Community Action VC\",\"description\":\"Helping People. Changing Lives.\",\"publisher\":{\"@id\":\"https:\/\/ca-vc.org\/#organization\"},\"potentialAction\":[{\"@type\":\"SearchAction\",\"target\":{\"@type\":\"EntryPoint\",\"urlTemplate\":\"https:\/\/ca-vc.org\/?s={search_term_string}\"},\"query-input\":{\"@type\":\"PropertyValueSpecification\",\"valueRequired\":true,\"valueName\":\"search_term_string\"}}],\"inLanguage\":\"es\"},{\"@type\":\"Organization\",\"@id\":\"https:\/\/ca-vc.org\/#organization\",\"name\":\"Community Action of Ventura County\",\"url\":\"https:\/\/ca-vc.org\/\",\"logo\":{\"@type\":\"ImageObject\",\"inLanguage\":\"es\",\"@id\":\"https:\/\/ca-vc.org\/#\/schema\/logo\/image\/\",\"url\":\"https:\/\/ca-vc.org\/wp-content\/uploads\/2018\/12\/LOGO-2022-OFFICIAL-B.png\",\"contentUrl\":\"https:\/\/ca-vc.org\/wp-content\/uploads\/2018\/12\/LOGO-2022-OFFICIAL-B.png\",\"width\":1000,\"height\":387,\"caption\":\"Community Action of Ventura County\"},\"image\":{\"@id\":\"https:\/\/ca-vc.org\/#\/schema\/logo\/image\/\"},\"sameAs\":[\"https:\/\/www.facebook.com\/capventura\/\",\"https:\/\/x.com\/cap_ventura\",\"https:\/\/www.instagram.com\/cap_ventura\/\"]}]}<\/script>\n<!-- \/ Yoast SEO plugin. -->","yoast_head_json":{"title":"Directions & Contact Info - Community Action VC","robots":{"index":"index","follow":"follow","max-snippet":"max-snippet:-1","max-image-preview":"max-image-preview:large","max-video-preview":"max-video-preview:-1"},"canonical":"https:\/\/ca-vc.org\/es\/directions-contact-info\/","og_locale":"es_MX","og_type":"article","og_title":"Directions & Contact Info - Community Action VC","og_description":"Contact Us Directions &#038; Contact Info Community Action of Ventura County Hours of Operation Monday &#8211; 8:30am &#8211; 4pm Tuesday &#8211; Walk-In Service Closed Wednesday &#8211; 8:30am &#8211; 4pm Thursday&hellip;","og_url":"https:\/\/ca-vc.org\/es\/directions-contact-info\/","og_site_name":"Community Action VC","article_publisher":"https:\/\/www.facebook.com\/capventura\/","article_modified_time":"2025-07-29T23:47:35+00:00","og_image":[{"width":1000,"height":387,"url":"https:\/\/ca-vc.org\/wp-content\/uploads\/2018\/12\/LOGO-2022-OFFICIAL-B.png","type":"image\/png"}],"twitter_card":"summary_large_image","twitter_site":"@cap_ventura","schema":{"@context":"https:\/\/schema.org","@graph":[{"@type":"WebPage","@id":"https:\/\/ca-vc.org\/directions-contact-info\/","url":"https:\/\/ca-vc.org\/directions-contact-info\/","name":"Directions & Contact Info - Community Action VC","isPartOf":{"@id":"https:\/\/ca-vc.org\/#website"},"datePublished":"2022-06-27T17:58:01+00:00","dateModified":"2025-07-29T23:47:35+00:00","breadcrumb":{"@id":"https:\/\/ca-vc.org\/directions-contact-info\/#breadcrumb"},"inLanguage":"es","potentialAction":[{"@type":"ReadAction","target":["https:\/\/ca-vc.org\/directions-contact-info\/"]}]},{"@type":"BreadcrumbList","@id":"https:\/\/ca-vc.org\/directions-contact-info\/#breadcrumb","itemListElement":[{"@type":"ListItem","position":1,"name":"Home","item":"https:\/\/ca-vc.org\/"},{"@type":"ListItem","position":2,"name":"Directions &#038; Contact Info"}]},{"@type":"WebSite","@id":"https:\/\/ca-vc.org\/#website","url":"https:\/\/ca-vc.org\/","name":"Community Action VC","description":"Helping People. Changing Lives.","publisher":{"@id":"https:\/\/ca-vc.org\/#organization"},"potentialAction":[{"@type":"SearchAction","target":{"@type":"EntryPoint","urlTemplate":"https:\/\/ca-vc.org\/?s={search_term_string}"},"query-input":{"@type":"PropertyValueSpecification","valueRequired":true,"valueName":"search_term_string"}}],"inLanguage":"es"},{"@type":"Organization","@id":"https:\/\/ca-vc.org\/#organization","name":"Acci\u00f3n Comunitaria del Condado de Ventura","url":"https:\/\/ca-vc.org\/","logo":{"@type":"ImageObject","inLanguage":"es","@id":"https:\/\/ca-vc.org\/#\/schema\/logo\/image\/","url":"https:\/\/ca-vc.org\/wp-content\/uploads\/2018\/12\/LOGO-2022-OFFICIAL-B.png","contentUrl":"https:\/\/ca-vc.org\/wp-content\/uploads\/2018\/12\/LOGO-2022-OFFICIAL-B.png","width":1000,"height":387,"caption":"Community Action of Ventura County"},"image":{"@id":"https:\/\/ca-vc.org\/#\/schema\/logo\/image\/"},"sameAs":["https:\/\/www.facebook.com\/capventura\/","https:\/\/x.com\/cap_ventura","https:\/\/www.instagram.com\/cap_ventura\/"]}]}},"ticketed":false,"_links":{"self":[{"href":"https:\/\/ca-vc.org\/es\/wp-json\/wp\/v2\/pages\/3368","targetHints":{"allow":["GET"]}}],"collection":[{"href":"https:\/\/ca-vc.org\/es\/wp-json\/wp\/v2\/pages"}],"about":[{"href":"https:\/\/ca-vc.org\/es\/wp-json\/wp\/v2\/types\/page"}],"author":[{"embeddable":true,"href":"https:\/\/ca-vc.org\/es\/wp-json\/wp\/v2\/users\/1"}],"replies":[{"embeddable":true,"href":"https:\/\/ca-vc.org\/es\/wp-json\/wp\/v2\/comments?post=3368"}],"version-history":[{"count":0,"href":"https:\/\/ca-vc.org\/es\/wp-json\/wp\/v2\/pages\/3368\/revisions"}],"wp:attachment":[{"href":"https:\/\/ca-vc.org\/es\/wp-json\/wp\/v2\/media?parent=3368"}],"curies":[{"name":"wp","href":"https:\/\/api.w.org\/{rel}","templated":true}]}}