{"id":3266,"date":"2022-06-16T09:40:17","date_gmt":"2022-06-16T16:40:17","guid":{"rendered":"https:\/\/ca-vc.org\/?page_id=3266"},"modified":"2025-06-23T15:12:21","modified_gmt":"2025-06-23T22:12:21","slug":"mission-vision-values","status":"publish","type":"page","link":"https:\/\/ca-vc.org\/es\/mission-vision-values\/","title":{"rendered":"Mission, Vision, &#038; Values"},"content":{"rendered":"<h2>\n\t\tQuienes somos\n\t<\/h2>\n<h1>\n\t\tMission, Vision, &#038; Values\n\t<\/h1>\n<h2>\n\t\tNuestra misi\u00f3n\n\t<\/h2>\n\t<p>Ayudar a nuestra comunidad a establecer caminos para salir de la pobreza a trav\u00e9s de la promoci\u00f3n, asociaciones y servicios que promuevan la dignidad y la autosuficiencia.<\/p>\n<h2>\n\t\tNuestra visi\u00f3n\n\t<\/h2>\n\t<p>Visualizamos a las comunidades del condado de Ventura sacando a la gente de la pobreza con \u00e9xito.<\/p>\n<p>Community Action of Ventura County se incorpor\u00f3 en 1965 y se encarg\u00f3 de erradicar la pobreza en el condado de Ventura. A trav\u00e9s de la defensa de todas las comunidades, asociaciones con agencias de servicios sociales y ofreciendo servicios directos, CAVC ha prestado servicios a todos los hogares de todas las comunidades y todas las ciudades del condado de Ventura durante casi 60 a\u00f1os.<\/p>\n<h2>\n\t\tOur Values\n\t<\/h2>\n\t<p>Our work is guided by our organization&#8217;s values:<\/p>\n<p><strong>Empathy:<\/strong> We deeply understand and share in the experiences of individuals and communities, fostering compassion and relationships.<\/p>\n<p><strong>Restoration:<\/strong> We are dedicated to the renewal and enhancement of the well-being of our community members, working towards a thriving and revitalized environment.<\/p>\n<p><strong>Hope:<\/strong> We inspire optimism and belief in a brighter future, cultivating an atmosphere where aspirations can flourish.<\/p>\n<p><strong>Partnership:<\/strong> We actively collaborate with individuals, organizations, and stakeholders to build strong alliances, recognizing the collective strength in unity.<\/p>\n<p><strong>Empowerment:<\/strong> We equip individuals with the tools, knowledge, and resources necessary to take control of their lives, promoting self-sufficiency and independence.<\/p>\n<p><strong>Acceptance:<\/strong> We honor the dignity and worth of every person, creating an inclusive and supportive community that values diversity.<\/p>\n<p><strong>Connection:<\/strong> We encourage a culture of understanding and shared experiences, fostering a sense of commonality that transcends differences.<\/p>\n<h2>\n\t\tOur Work in Action\n\t<\/h2>\n\t<p><img decoding=\"async\" data-src=\"https:\/\/ca-vc.org\/wp-content\/uploads\/2025\/06\/FLYER-2024-REVIEW-NUMBERS.jpg\" src=\"data:image\/svg+xml;base64,PHN2ZyB3aWR0aD0iMSIgaGVpZ2h0PSIxIiB4bWxucz0iaHR0cDovL3d3dy53My5vcmcvMjAwMC9zdmciPjwvc3ZnPg==\" class=\"lazyload\" style=\"--smush-placeholder-width: 1000px; --smush-placeholder-aspect-ratio: 1000\/563;\" \/><img decoding=\"async\" data-src=\"https:\/\/ca-vc.org\/wp-content\/uploads\/2025\/06\/FLYER-2024-REVIEW-2-NUMBERS.jpg\" src=\"data:image\/svg+xml;base64,PHN2ZyB3aWR0aD0iMSIgaGVpZ2h0PSIxIiB4bWxucz0iaHR0cDovL3d3dy53My5vcmcvMjAwMC9zdmciPjwvc3ZnPg==\" class=\"lazyload\" style=\"--smush-placeholder-width: 1000px; --smush-placeholder-aspect-ratio: 1000\/563;\" \/><\/p>\n\t\t\t\t<img decoding=\"async\" data-src=\"https:\/\/ca-vc.org\/wp-content\/uploads\/2022\/06\/LOGO-2022-OFFICIAL.jpg\" alt=\"Community Action Ventura Community Circle Logo\" itemprop=\"image\" height=\"2000\" width=\"2000\" onerror=\"this.style.display='none'\" src=\"data:image\/svg+xml;base64,PHN2ZyB3aWR0aD0iMSIgaGVpZ2h0PSIxIiB4bWxucz0iaHR0cDovL3d3dy53My5vcmcvMjAwMC9zdmciPjwvc3ZnPg==\" class=\"lazyload\" style=\"--smush-placeholder-width: 2000px; --smush-placeholder-aspect-ratio: 2000\/2000;\" \/>\n<h3>\n\t\tSacar a las comunidades de la pobreza hoy\n\t<\/h3>\n\t\t\t<a href=\"https:\/\/secure.lglforms.com\/form_engine\/s\/hJORgdTTYpnw3hMKlKTLGA\" target=\"_blank\" role=\"button\" rel=\"noopener\">\n\t\t\t\t\t\t\t\u00a1DONE AHORA!\n\t\t\t\t\t<\/a>","protected":false},"excerpt":{"rendered":"<p>Who We Are Mission, Vision, &#038; Values Our Mission Helping our community establish pathways out of poverty through advocacy, partnerships, and services that promote dignity and self-sufficiency. Our Vision We&hellip;<\/p>","protected":false},"author":1,"featured_media":0,"parent":0,"menu_order":0,"comment_status":"closed","ping_status":"closed","template":"","meta":{"_price":"","_stock":"","_tribe_ticket_header":"","_tribe_default_ticket_provider":"","_tribe_ticket_capacity":"0","_ticket_start_date":"","_ticket_end_date":"","_tribe_ticket_show_description":"","_tribe_ticket_show_not_going":false,"_tribe_ticket_use_global_stock":"","_tribe_ticket_global_stock_level":"","_global_stock_mode":"","_global_stock_cap":"","_tribe_rsvp_for_event":"","_tribe_ticket_going_count":"","_tribe_ticket_not_going_count":"","_tribe_tickets_list":"[]","_tribe_ticket_has_attendee_info_fields":false,"footnotes":"","_tec_slr_enabled":"","_tec_slr_layout":""},"class_list":["post-3266","page","type-page","status-publish","hentry"],"yoast_head":"<!-- This site is optimized with the Yoast SEO plugin v25.7 - https:\/\/yoast.com\/wordpress\/plugins\/seo\/ -->\n<title>Mission, Vision, &amp; Values - Community Action VC<\/title>\n<meta name=\"robots\" content=\"index, follow, max-snippet:-1, max-image-preview:large, max-video-preview:-1\" \/>\n<link rel=\"canonical\" href=\"https:\/\/ca-vc.org\/es\/mission-vision-values\/\" \/>\n<meta property=\"og:locale\" content=\"es_MX\" \/>\n<meta property=\"og:type\" content=\"article\" \/>\n<meta property=\"og:title\" content=\"Mission, Vision, &amp; Values - Community Action VC\" \/>\n<meta property=\"og:description\" content=\"Who We Are Mission, Vision, &#038; Values Our Mission Helping our community establish pathways out of poverty through advocacy, partnerships, and services that promote dignity and self-sufficiency. Our Vision We&hellip;\" \/>\n<meta property=\"og:url\" content=\"https:\/\/ca-vc.org\/es\/mission-vision-values\/\" \/>\n<meta property=\"og:site_name\" content=\"Community Action VC\" \/>\n<meta property=\"article:publisher\" content=\"https:\/\/www.facebook.com\/capventura\/\" \/>\n<meta property=\"article:modified_time\" content=\"2025-06-23T22:12:21+00:00\" \/>\n<meta property=\"og:image\" content=\"https:\/\/ca-vc.org\/wp-content\/uploads\/2025\/06\/FLYER-2024-REVIEW-NUMBERS.jpg\" \/>\n<meta name=\"twitter:card\" content=\"summary_large_image\" \/>\n<meta name=\"twitter:site\" content=\"@cap_ventura\" \/>\n<script type=\"application\/ld+json\" class=\"yoast-schema-graph\">{\"@context\":\"https:\/\/schema.org\",\"@graph\":[{\"@type\":\"WebPage\",\"@id\":\"https:\/\/ca-vc.org\/mission-vision-values\/\",\"url\":\"https:\/\/ca-vc.org\/mission-vision-values\/\",\"name\":\"Mission, Vision, & Values - Community Action VC\",\"isPartOf\":{\"@id\":\"https:\/\/ca-vc.org\/#website\"},\"primaryImageOfPage\":{\"@id\":\"https:\/\/ca-vc.org\/mission-vision-values\/#primaryimage\"},\"image\":{\"@id\":\"https:\/\/ca-vc.org\/mission-vision-values\/#primaryimage\"},\"thumbnailUrl\":\"https:\/\/ca-vc.org\/wp-content\/uploads\/2025\/06\/FLYER-2024-REVIEW-NUMBERS.jpg\",\"datePublished\":\"2022-06-16T16:40:17+00:00\",\"dateModified\":\"2025-06-23T22:12:21+00:00\",\"breadcrumb\":{\"@id\":\"https:\/\/ca-vc.org\/mission-vision-values\/#breadcrumb\"},\"inLanguage\":\"es\",\"potentialAction\":[{\"@type\":\"ReadAction\",\"target\":[\"https:\/\/ca-vc.org\/mission-vision-values\/\"]}]},{\"@type\":\"ImageObject\",\"inLanguage\":\"es\",\"@id\":\"https:\/\/ca-vc.org\/mission-vision-values\/#primaryimage\",\"url\":\"https:\/\/ca-vc.org\/wp-content\/uploads\/2025\/06\/FLYER-2024-REVIEW-NUMBERS.jpg\",\"contentUrl\":\"https:\/\/ca-vc.org\/wp-content\/uploads\/2025\/06\/FLYER-2024-REVIEW-NUMBERS.jpg\"},{\"@type\":\"BreadcrumbList\",\"@id\":\"https:\/\/ca-vc.org\/mission-vision-values\/#breadcrumb\",\"itemListElement\":[{\"@type\":\"ListItem\",\"position\":1,\"name\":\"Home\",\"item\":\"https:\/\/ca-vc.org\/\"},{\"@type\":\"ListItem\",\"position\":2,\"name\":\"Mission, Vision, &#038; Values\"}]},{\"@type\":\"WebSite\",\"@id\":\"https:\/\/ca-vc.org\/#website\",\"url\":\"https:\/\/ca-vc.org\/\",\"name\":\"Community Action VC\",\"description\":\"Helping People. Changing Lives.\",\"publisher\":{\"@id\":\"https:\/\/ca-vc.org\/#organization\"},\"potentialAction\":[{\"@type\":\"SearchAction\",\"target\":{\"@type\":\"EntryPoint\",\"urlTemplate\":\"https:\/\/ca-vc.org\/?s={search_term_string}\"},\"query-input\":{\"@type\":\"PropertyValueSpecification\",\"valueRequired\":true,\"valueName\":\"search_term_string\"}}],\"inLanguage\":\"es\"},{\"@type\":\"Organization\",\"@id\":\"https:\/\/ca-vc.org\/#organization\",\"name\":\"Community Action of Ventura County\",\"url\":\"https:\/\/ca-vc.org\/\",\"logo\":{\"@type\":\"ImageObject\",\"inLanguage\":\"es\",\"@id\":\"https:\/\/ca-vc.org\/#\/schema\/logo\/image\/\",\"url\":\"https:\/\/ca-vc.org\/wp-content\/uploads\/2018\/12\/LOGO-2022-OFFICIAL-B.png\",\"contentUrl\":\"https:\/\/ca-vc.org\/wp-content\/uploads\/2018\/12\/LOGO-2022-OFFICIAL-B.png\",\"width\":1000,\"height\":387,\"caption\":\"Community Action of Ventura County\"},\"image\":{\"@id\":\"https:\/\/ca-vc.org\/#\/schema\/logo\/image\/\"},\"sameAs\":[\"https:\/\/www.facebook.com\/capventura\/\",\"https:\/\/x.com\/cap_ventura\",\"https:\/\/www.instagram.com\/cap_ventura\/\"]}]}<\/script>\n<!-- \/ Yoast SEO plugin. -->","yoast_head_json":{"title":"Mission, Vision, & Values - Community Action VC","robots":{"index":"index","follow":"follow","max-snippet":"max-snippet:-1","max-image-preview":"max-image-preview:large","max-video-preview":"max-video-preview:-1"},"canonical":"https:\/\/ca-vc.org\/es\/mission-vision-values\/","og_locale":"es_MX","og_type":"article","og_title":"Mission, Vision, & Values - Community Action VC","og_description":"Who We Are Mission, Vision, &#038; Values Our Mission Helping our community establish pathways out of poverty through advocacy, partnerships, and services that promote dignity and self-sufficiency. Our Vision We&hellip;","og_url":"https:\/\/ca-vc.org\/es\/mission-vision-values\/","og_site_name":"Community Action VC","article_publisher":"https:\/\/www.facebook.com\/capventura\/","article_modified_time":"2025-06-23T22:12:21+00:00","og_image":[{"url":"https:\/\/ca-vc.org\/wp-content\/uploads\/2025\/06\/FLYER-2024-REVIEW-NUMBERS.jpg","type":"","width":"","height":""}],"twitter_card":"summary_large_image","twitter_site":"@cap_ventura","schema":{"@context":"https:\/\/schema.org","@graph":[{"@type":"WebPage","@id":"https:\/\/ca-vc.org\/mission-vision-values\/","url":"https:\/\/ca-vc.org\/mission-vision-values\/","name":"Mission, Vision, & Values - Community Action VC","isPartOf":{"@id":"https:\/\/ca-vc.org\/#website"},"primaryImageOfPage":{"@id":"https:\/\/ca-vc.org\/mission-vision-values\/#primaryimage"},"image":{"@id":"https:\/\/ca-vc.org\/mission-vision-values\/#primaryimage"},"thumbnailUrl":"https:\/\/ca-vc.org\/wp-content\/uploads\/2025\/06\/FLYER-2024-REVIEW-NUMBERS.jpg","datePublished":"2022-06-16T16:40:17+00:00","dateModified":"2025-06-23T22:12:21+00:00","breadcrumb":{"@id":"https:\/\/ca-vc.org\/mission-vision-values\/#breadcrumb"},"inLanguage":"es","potentialAction":[{"@type":"ReadAction","target":["https:\/\/ca-vc.org\/mission-vision-values\/"]}]},{"@type":"ImageObject","inLanguage":"es","@id":"https:\/\/ca-vc.org\/mission-vision-values\/#primaryimage","url":"https:\/\/ca-vc.org\/wp-content\/uploads\/2025\/06\/FLYER-2024-REVIEW-NUMBERS.jpg","contentUrl":"https:\/\/ca-vc.org\/wp-content\/uploads\/2025\/06\/FLYER-2024-REVIEW-NUMBERS.jpg"},{"@type":"BreadcrumbList","@id":"https:\/\/ca-vc.org\/mission-vision-values\/#breadcrumb","itemListElement":[{"@type":"ListItem","position":1,"name":"Home","item":"https:\/\/ca-vc.org\/"},{"@type":"ListItem","position":2,"name":"Mission, Vision, &#038; Values"}]},{"@type":"WebSite","@id":"https:\/\/ca-vc.org\/#website","url":"https:\/\/ca-vc.org\/","name":"Community Action VC","description":"Helping People. Changing Lives.","publisher":{"@id":"https:\/\/ca-vc.org\/#organization"},"potentialAction":[{"@type":"SearchAction","target":{"@type":"EntryPoint","urlTemplate":"https:\/\/ca-vc.org\/?s={search_term_string}"},"query-input":{"@type":"PropertyValueSpecification","valueRequired":true,"valueName":"search_term_string"}}],"inLanguage":"es"},{"@type":"Organization","@id":"https:\/\/ca-vc.org\/#organization","name":"Acci\u00f3n Comunitaria del Condado de Ventura","url":"https:\/\/ca-vc.org\/","logo":{"@type":"ImageObject","inLanguage":"es","@id":"https:\/\/ca-vc.org\/#\/schema\/logo\/image\/","url":"https:\/\/ca-vc.org\/wp-content\/uploads\/2018\/12\/LOGO-2022-OFFICIAL-B.png","contentUrl":"https:\/\/ca-vc.org\/wp-content\/uploads\/2018\/12\/LOGO-2022-OFFICIAL-B.png","width":1000,"height":387,"caption":"Community Action of Ventura County"},"image":{"@id":"https:\/\/ca-vc.org\/#\/schema\/logo\/image\/"},"sameAs":["https:\/\/www.facebook.com\/capventura\/","https:\/\/x.com\/cap_ventura","https:\/\/www.instagram.com\/cap_ventura\/"]}]}},"ticketed":false,"_links":{"self":[{"href":"https:\/\/ca-vc.org\/es\/wp-json\/wp\/v2\/pages\/3266","targetHints":{"allow":["GET"]}}],"collection":[{"href":"https:\/\/ca-vc.org\/es\/wp-json\/wp\/v2\/pages"}],"about":[{"href":"https:\/\/ca-vc.org\/es\/wp-json\/wp\/v2\/types\/page"}],"author":[{"embeddable":true,"href":"https:\/\/ca-vc.org\/es\/wp-json\/wp\/v2\/users\/1"}],"replies":[{"embeddable":true,"href":"https:\/\/ca-vc.org\/es\/wp-json\/wp\/v2\/comments?post=3266"}],"version-history":[{"count":0,"href":"https:\/\/ca-vc.org\/es\/wp-json\/wp\/v2\/pages\/3266\/revisions"}],"wp:attachment":[{"href":"https:\/\/ca-vc.org\/es\/wp-json\/wp\/v2\/media?parent=3266"}],"curies":[{"name":"wp","href":"https:\/\/api.w.org\/{rel}","templated":true}]}}