{"id":3250,"date":"2022-06-15T16:34:34","date_gmt":"2022-06-15T23:34:34","guid":{"rendered":"https:\/\/ca-vc.org\/?page_id=3250"},"modified":"2025-02-04T10:43:19","modified_gmt":"2025-02-04T18:43:19","slug":"community-family-wellness","status":"publish","type":"page","link":"https:\/\/ca-vc.org\/es\/community-family-wellness\/","title":{"rendered":"Bienestar comunitario y familiar"},"content":{"rendered":"<h1>\n\t\tCommunity &#038;<br \/>Bienestar Familiar\n\t<\/h1>\n\t<p>Nuestra oferta de programa m\u00e1s reciente, ofrecimos talleres de bienestar comunitario y familiar para miembros de la comunidad a partir de 2020. Estos talleres son gratuitos para el p\u00fablico y est\u00e1n alojados en Zoom para que cualquiera pueda asistir.<\/p>\n<p>Nuestros talleres se enfocan en la educaci\u00f3n financiera y el bienestar mental de la comunidad para garantizar que las familias est\u00e9n seguras frente a la incertidumbre econ\u00f3mica y para ayudarlas a ser resistentes a las dificultades que enfrentan. Organizamos talleres para m\u00e1s de 75 miembros de la comunidad en 2021 con el apoyo de socios como Ventura County Credit Union.<\/p>\n<p>Si desea obtener m\u00e1s informaci\u00f3n o tiene una idea para presentar un taller, comun\u00edquese con Claudia Lozano, Gerente de Servicios Comunitarios, al 805-436-4017 o <a href=\"mailto:clozano@ca-vc.org\">clozano@ca-vc.org<\/a>.<\/p>\n\t\t\t\t<img decoding=\"async\" data-src=\"https:\/\/ca-vc.org\/wp-content\/uploads\/2022\/06\/zoom-meeting.jpg\" alt=\"Shot of a young businesswoman using her laptop to host a video conference at work\" itemprop=\"image\" height=\"1015\" width=\"708\" onerror=\"this.style.display='none'\" src=\"data:image\/svg+xml;base64,PHN2ZyB3aWR0aD0iMSIgaGVpZ2h0PSIxIiB4bWxucz0iaHR0cDovL3d3dy53My5vcmcvMjAwMC9zdmciPjwvc3ZnPg==\" class=\"lazyload\" style=\"--smush-placeholder-width: 708px; --smush-placeholder-aspect-ratio: 708\/1015;\" \/>\n<h3>\n\t\tSacar a las comunidades de la pobreza hoy\n\t<\/h3>\n\t\t\t<a href=\"https:\/\/givebutter.com\/OVGIY0\" target=\"_blank\" role=\"button\" rel=\"noopener\">\n\t\t\t\t\t\t\t\u00a1DONE AHORA!\n\t\t\t\t\t<\/a>","protected":false},"excerpt":{"rendered":"<p>Community &#038;Family Wellness Our newest program offering, we offered community and family wellness workshops for community members starting in 2020. These workshops are free to the public and hosted on&hellip;<\/p>","protected":false},"author":1,"featured_media":0,"parent":0,"menu_order":0,"comment_status":"closed","ping_status":"closed","template":"","meta":{"_price":"","_stock":"","_tribe_ticket_header":"","_tribe_default_ticket_provider":"","_tribe_ticket_capacity":"0","_ticket_start_date":"","_ticket_end_date":"","_tribe_ticket_show_description":"","_tribe_ticket_show_not_going":false,"_tribe_ticket_use_global_stock":"","_tribe_ticket_global_stock_level":"","_global_stock_mode":"","_global_stock_cap":"","_tribe_rsvp_for_event":"","_tribe_ticket_going_count":"","_tribe_ticket_not_going_count":"","_tribe_tickets_list":"[]","_tribe_ticket_has_attendee_info_fields":false,"footnotes":"","_tec_slr_enabled":"","_tec_slr_layout":""},"class_list":["post-3250","page","type-page","status-publish","hentry"],"yoast_head":"<!-- This site is optimized with the Yoast SEO plugin v25.7 - https:\/\/yoast.com\/wordpress\/plugins\/seo\/ -->\n<title>Community &amp; Family Wellness - Community Action VC<\/title>\n<meta name=\"robots\" content=\"index, follow, max-snippet:-1, max-image-preview:large, max-video-preview:-1\" \/>\n<link rel=\"canonical\" href=\"https:\/\/ca-vc.org\/es\/community-family-wellness\/\" \/>\n<meta property=\"og:locale\" content=\"es_MX\" \/>\n<meta property=\"og:type\" content=\"article\" \/>\n<meta property=\"og:title\" content=\"Community &amp; Family Wellness - Community Action VC\" \/>\n<meta property=\"og:description\" content=\"Community &#038;Family Wellness Our newest program offering, we offered community and family wellness workshops for community members starting in 2020. These workshops are free to the public and hosted on&hellip;\" \/>\n<meta property=\"og:url\" content=\"https:\/\/ca-vc.org\/es\/community-family-wellness\/\" \/>\n<meta property=\"og:site_name\" content=\"Community Action VC\" \/>\n<meta property=\"article:publisher\" content=\"https:\/\/www.facebook.com\/capventura\/\" \/>\n<meta property=\"article:modified_time\" content=\"2025-02-04T18:43:19+00:00\" \/>\n<meta property=\"og:image\" content=\"https:\/\/ca-vc.org\/wp-content\/uploads\/2022\/06\/zoom-meeting.jpg\" \/>\n<meta name=\"twitter:card\" content=\"summary_large_image\" \/>\n<meta name=\"twitter:site\" content=\"@cap_ventura\" \/>\n<script type=\"application\/ld+json\" class=\"yoast-schema-graph\">{\"@context\":\"https:\/\/schema.org\",\"@graph\":[{\"@type\":\"WebPage\",\"@id\":\"https:\/\/ca-vc.org\/community-family-wellness\/\",\"url\":\"https:\/\/ca-vc.org\/community-family-wellness\/\",\"name\":\"Community & Family Wellness - Community Action VC\",\"isPartOf\":{\"@id\":\"https:\/\/ca-vc.org\/#website\"},\"primaryImageOfPage\":{\"@id\":\"https:\/\/ca-vc.org\/community-family-wellness\/#primaryimage\"},\"image\":{\"@id\":\"https:\/\/ca-vc.org\/community-family-wellness\/#primaryimage\"},\"thumbnailUrl\":\"https:\/\/ca-vc.org\/wp-content\/uploads\/2022\/06\/zoom-meeting.jpg\",\"datePublished\":\"2022-06-15T23:34:34+00:00\",\"dateModified\":\"2025-02-04T18:43:19+00:00\",\"breadcrumb\":{\"@id\":\"https:\/\/ca-vc.org\/community-family-wellness\/#breadcrumb\"},\"inLanguage\":\"es\",\"potentialAction\":[{\"@type\":\"ReadAction\",\"target\":[\"https:\/\/ca-vc.org\/community-family-wellness\/\"]}]},{\"@type\":\"ImageObject\",\"inLanguage\":\"es\",\"@id\":\"https:\/\/ca-vc.org\/community-family-wellness\/#primaryimage\",\"url\":\"https:\/\/ca-vc.org\/wp-content\/uploads\/2022\/06\/zoom-meeting.jpg\",\"contentUrl\":\"https:\/\/ca-vc.org\/wp-content\/uploads\/2022\/06\/zoom-meeting.jpg\"},{\"@type\":\"BreadcrumbList\",\"@id\":\"https:\/\/ca-vc.org\/community-family-wellness\/#breadcrumb\",\"itemListElement\":[{\"@type\":\"ListItem\",\"position\":1,\"name\":\"Home\",\"item\":\"https:\/\/ca-vc.org\/\"},{\"@type\":\"ListItem\",\"position\":2,\"name\":\"Community &#038; Family Wellness\"}]},{\"@type\":\"WebSite\",\"@id\":\"https:\/\/ca-vc.org\/#website\",\"url\":\"https:\/\/ca-vc.org\/\",\"name\":\"Community Action VC\",\"description\":\"Helping People. Changing Lives.\",\"publisher\":{\"@id\":\"https:\/\/ca-vc.org\/#organization\"},\"potentialAction\":[{\"@type\":\"SearchAction\",\"target\":{\"@type\":\"EntryPoint\",\"urlTemplate\":\"https:\/\/ca-vc.org\/?s={search_term_string}\"},\"query-input\":{\"@type\":\"PropertyValueSpecification\",\"valueRequired\":true,\"valueName\":\"search_term_string\"}}],\"inLanguage\":\"es\"},{\"@type\":\"Organization\",\"@id\":\"https:\/\/ca-vc.org\/#organization\",\"name\":\"Community Action of Ventura County\",\"url\":\"https:\/\/ca-vc.org\/\",\"logo\":{\"@type\":\"ImageObject\",\"inLanguage\":\"es\",\"@id\":\"https:\/\/ca-vc.org\/#\/schema\/logo\/image\/\",\"url\":\"https:\/\/ca-vc.org\/wp-content\/uploads\/2018\/12\/LOGO-2022-OFFICIAL-B.png\",\"contentUrl\":\"https:\/\/ca-vc.org\/wp-content\/uploads\/2018\/12\/LOGO-2022-OFFICIAL-B.png\",\"width\":1000,\"height\":387,\"caption\":\"Community Action of Ventura County\"},\"image\":{\"@id\":\"https:\/\/ca-vc.org\/#\/schema\/logo\/image\/\"},\"sameAs\":[\"https:\/\/www.facebook.com\/capventura\/\",\"https:\/\/x.com\/cap_ventura\",\"https:\/\/www.instagram.com\/cap_ventura\/\"]}]}<\/script>\n<!-- \/ Yoast SEO plugin. -->","yoast_head_json":{"title":"Community & Family Wellness - Community Action VC","robots":{"index":"index","follow":"follow","max-snippet":"max-snippet:-1","max-image-preview":"max-image-preview:large","max-video-preview":"max-video-preview:-1"},"canonical":"https:\/\/ca-vc.org\/es\/community-family-wellness\/","og_locale":"es_MX","og_type":"article","og_title":"Community & Family Wellness - Community Action VC","og_description":"Community &#038;Family Wellness Our newest program offering, we offered community and family wellness workshops for community members starting in 2020. These workshops are free to the public and hosted on&hellip;","og_url":"https:\/\/ca-vc.org\/es\/community-family-wellness\/","og_site_name":"Community Action VC","article_publisher":"https:\/\/www.facebook.com\/capventura\/","article_modified_time":"2025-02-04T18:43:19+00:00","og_image":[{"url":"https:\/\/ca-vc.org\/wp-content\/uploads\/2022\/06\/zoom-meeting.jpg","type":"","width":"","height":""}],"twitter_card":"summary_large_image","twitter_site":"@cap_ventura","schema":{"@context":"https:\/\/schema.org","@graph":[{"@type":"WebPage","@id":"https:\/\/ca-vc.org\/community-family-wellness\/","url":"https:\/\/ca-vc.org\/community-family-wellness\/","name":"Community & Family Wellness - Community Action VC","isPartOf":{"@id":"https:\/\/ca-vc.org\/#website"},"primaryImageOfPage":{"@id":"https:\/\/ca-vc.org\/community-family-wellness\/#primaryimage"},"image":{"@id":"https:\/\/ca-vc.org\/community-family-wellness\/#primaryimage"},"thumbnailUrl":"https:\/\/ca-vc.org\/wp-content\/uploads\/2022\/06\/zoom-meeting.jpg","datePublished":"2022-06-15T23:34:34+00:00","dateModified":"2025-02-04T18:43:19+00:00","breadcrumb":{"@id":"https:\/\/ca-vc.org\/community-family-wellness\/#breadcrumb"},"inLanguage":"es","potentialAction":[{"@type":"ReadAction","target":["https:\/\/ca-vc.org\/community-family-wellness\/"]}]},{"@type":"ImageObject","inLanguage":"es","@id":"https:\/\/ca-vc.org\/community-family-wellness\/#primaryimage","url":"https:\/\/ca-vc.org\/wp-content\/uploads\/2022\/06\/zoom-meeting.jpg","contentUrl":"https:\/\/ca-vc.org\/wp-content\/uploads\/2022\/06\/zoom-meeting.jpg"},{"@type":"BreadcrumbList","@id":"https:\/\/ca-vc.org\/community-family-wellness\/#breadcrumb","itemListElement":[{"@type":"ListItem","position":1,"name":"Home","item":"https:\/\/ca-vc.org\/"},{"@type":"ListItem","position":2,"name":"Community &#038; Family Wellness"}]},{"@type":"WebSite","@id":"https:\/\/ca-vc.org\/#website","url":"https:\/\/ca-vc.org\/","name":"Community Action VC","description":"Helping People. Changing Lives.","publisher":{"@id":"https:\/\/ca-vc.org\/#organization"},"potentialAction":[{"@type":"SearchAction","target":{"@type":"EntryPoint","urlTemplate":"https:\/\/ca-vc.org\/?s={search_term_string}"},"query-input":{"@type":"PropertyValueSpecification","valueRequired":true,"valueName":"search_term_string"}}],"inLanguage":"es"},{"@type":"Organization","@id":"https:\/\/ca-vc.org\/#organization","name":"Acci\u00f3n Comunitaria del Condado de Ventura","url":"https:\/\/ca-vc.org\/","logo":{"@type":"ImageObject","inLanguage":"es","@id":"https:\/\/ca-vc.org\/#\/schema\/logo\/image\/","url":"https:\/\/ca-vc.org\/wp-content\/uploads\/2018\/12\/LOGO-2022-OFFICIAL-B.png","contentUrl":"https:\/\/ca-vc.org\/wp-content\/uploads\/2018\/12\/LOGO-2022-OFFICIAL-B.png","width":1000,"height":387,"caption":"Community Action of Ventura County"},"image":{"@id":"https:\/\/ca-vc.org\/#\/schema\/logo\/image\/"},"sameAs":["https:\/\/www.facebook.com\/capventura\/","https:\/\/x.com\/cap_ventura","https:\/\/www.instagram.com\/cap_ventura\/"]}]}},"ticketed":false,"_links":{"self":[{"href":"https:\/\/ca-vc.org\/es\/wp-json\/wp\/v2\/pages\/3250","targetHints":{"allow":["GET"]}}],"collection":[{"href":"https:\/\/ca-vc.org\/es\/wp-json\/wp\/v2\/pages"}],"about":[{"href":"https:\/\/ca-vc.org\/es\/wp-json\/wp\/v2\/types\/page"}],"author":[{"embeddable":true,"href":"https:\/\/ca-vc.org\/es\/wp-json\/wp\/v2\/users\/1"}],"replies":[{"embeddable":true,"href":"https:\/\/ca-vc.org\/es\/wp-json\/wp\/v2\/comments?post=3250"}],"version-history":[{"count":0,"href":"https:\/\/ca-vc.org\/es\/wp-json\/wp\/v2\/pages\/3250\/revisions"}],"wp:attachment":[{"href":"https:\/\/ca-vc.org\/es\/wp-json\/wp\/v2\/media?parent=3250"}],"curies":[{"name":"wp","href":"https:\/\/api.w.org\/{rel}","templated":true}]}}