{"id":3224,"date":"2022-06-15T13:52:45","date_gmt":"2022-06-15T20:52:45","guid":{"rendered":"https:\/\/ca-vc.org\/?page_id=3224"},"modified":"2025-06-18T08:04:26","modified_gmt":"2025-06-18T15:04:26","slug":"weatherization","status":"publish","type":"page","link":"https:\/\/ca-vc.org\/es\/weatherization\/","title":{"rendered":"Climatizaci\u00f3n"},"content":{"rendered":"<h1>\n\t\tClimatizaci\u00f3n\n\t<\/h1>\n\t<p>CAVC&#8217;s Weatherization program makes crucial repairs to Ventura County homes at no cost to homeowners. Whether fixes are as simple as replacing lightbulbs, or as complex as adding insulation or installing new appliances, qualified homeowners and tenants are made safer by CAVC Weatherization services. Homeowners and tenants can save up to 40% on their utility bills simply by their homes becoming energy efficient with CAVC Weatherization. Click the video below to learn more about this important program.<\/p>\n\t\t\t\t<img decoding=\"async\" data-src=\"https:\/\/ca-vc.org\/wp-content\/uploads\/2022\/06\/weatherization.jpg\" alt=\"Service Man Inspects Furnace\" itemprop=\"image\" height=\"685\" width=\"839\" onerror=\"this.style.display='none'\" src=\"data:image\/svg+xml;base64,PHN2ZyB3aWR0aD0iMSIgaGVpZ2h0PSIxIiB4bWxucz0iaHR0cDovL3d3dy53My5vcmcvMjAwMC9zdmciPjwvc3ZnPg==\" class=\"lazyload\" style=\"--smush-placeholder-width: 839px; --smush-placeholder-aspect-ratio: 839\/685;\" \/>\n\t<iframe width=\"560\" height=\"315\" src=\"https:\/\/www.youtube.com\/embed\/M-ya3E_xPHU\" title=\"reproductor de videos de youtube\" frameborder=\"0\" allow=\"accelerometer; autoplay; clipboard-write; encrypted-media; gyroscope; picture-in-picture; web-share\" allowfullscreen><\/iframe>\n\t<p>Community Action of Ventura County invites subcontractors to submit a proposal for Home Weatherization, Water Heaters and Furnaces. Please see below for more information.<\/p>\n<h3>\n\t\tINFORMATION FOR SUBCONTRACTORS\n\t<\/h3>\n\t\t\t<a href=\"https:\/\/ca-vc.org\/wp-content\/uploads\/2023\/06\/LetterforBid5.23.pdf\" download target=\"_blank\" role=\"button\" rel=\"noopener\">\n\t\t\t\t\t\tLetter for Bid\n\t\t\t\t\t<\/a>\n\t\t\t<a href=\"https:\/\/ca-vc.org\/wp-content\/uploads\/2023\/06\/Subcontractor-PP.docx\" download target=\"_blank\" role=\"button\" rel=\"noopener\">\n\t\t\t\t\t\tSubcontractor P&#038;P\n\t\t\t\t\t<\/a>\n\t\t\t<a href=\"https:\/\/ca-vc.org\/wp-content\/uploads\/2023\/06\/Notice-inviting-bids-plumbing-heating-glass-only-5.2023.docx\" download target=\"_blank\" role=\"button\" rel=\"noopener\">\n\t\t\t\t\t\tNotice Inviting Bids &#8211; Plumbing, Heating, Glass ONLY\n\t\t\t\t\t<\/a>\n\t\t\t<a href=\"https:\/\/ca-vc.org\/wp-content\/uploads\/2023\/06\/Notice-inviting-bids-HMWX5.23.docx\" download target=\"_blank\" role=\"button\" rel=\"noopener\">\n\t\t\t\t\t\tNotice Inviting Bids &#8211; HMWX\n\t\t\t\t\t<\/a>\n<h3>\n\t\tAPPLY NOW\n\t<\/h3>\n\t\t\t<a href=\"https:\/\/cavc-43192461.hubspotpagebuilder.com\/heaters.-water-heaters\" target=\"_blank\" role=\"button\" rel=\"noopener\">\n\t\t\t\t\t\tWATER HEATER\n\t\t\t\t\t<\/a>\n\t\t\t<a href=\"https:\/\/cavc-43192461.hubspotpagebuilder.com\/heaters.-water-heaters-0\" target=\"_blank\" role=\"button\" rel=\"noopener\">\n\t\t\t\t\t\tWASHER\/DRYER\n\t\t\t\t\t<\/a>\n<h3>\n\t\tLos expertos en climatizaci\u00f3n de CAVC pueden realizar cualquiera de las siguientes reparaciones en el hogar:\n\t<\/h3>\n\t<ul>\n\t\t\t<li>\n\t\t\t\t<b>burletes:<\/b> Instalar nuevos umbrales, reajustar puertas o incluso reemplazar puertas si es necesario. Las puertas reci\u00e9n reparadas pueden ahorrar entre un 5 y un 25 por ciento en costos de calefacci\u00f3n y refrigeraci\u00f3n.\n\t\t\t<\/li>\n\t\t\t<li>\n\t\t\t\t<b>Instalaci\u00f3n de cabezales de ducha y aireadores de bajo flujo<\/b> puede ahorrar hasta un 5 por ciento en costos de calentamiento de agua.\n\t\t\t<\/li>\n\t\t\t<li>\n\t\t\t\t<b>Reemplazo de juntas de interruptores y enchufes el\u00e9ctricos<\/b> puede ahorrar hasta un 3 por ciento en costos de calefacci\u00f3n y refrigeraci\u00f3n.\n\t\t\t<\/li>\n\t\t\t<li>\n\t\t\t\tReplace older washer\/dryer with new  energy saving models.\n\t\t\t<\/li>\n\t\t<\/ul>\n\t<ul>\n\t\t\t<li>\n\t\t\t\t<b>Instalaci\u00f3n de bombillas de bajo consumo<\/b> brindan la misma calidad que las bombillas incandescentes y usan menos energ\u00eda 75%. \n\t\t\t<\/li>\n\t\t\t<li>\n\t\t\t\t<b>Fixing and or replacing broken glass<\/b> reduces the cost of heating a home during the winter and cooling in the summer. Replacing broken glass also improves comfort and safety.\n\t\t\t<\/li>\n\t\t\t<li>\n\t\t\t\t<b>Inspeccionar, probar, reparar o reemplazar hornos, estufas y calentadores de agua rotos o peligrosos<\/b> tras la inspecci\u00f3n despu\u00e9s de ser considerado peligroso.\n\t\t\t<\/li>\n\t\t\t<li>\n\t\t\t\t<b>Suministro e instalaci\u00f3n de detectores de mon\u00f3xido de carbono.<\/b> para mantener a las familias seguras en sus hogares.\n\t\t\t<\/li>\n\t\t<\/ul>\n\tThe first step in weatherizing a home or apartment is determining eligibility. Call our Weatherization Department at<br \/>\n805-436-4035 or email wap@ca-vc.org today to learn more.\n<h3>\n\t\tSacar a las comunidades de la pobreza hoy\n\t<\/h3>\n\t\t\t<a href=\"https:\/\/secure.lglforms.com\/form_engine\/s\/hJORgdTTYpnw3hMKlKTLGA\" target=\"_blank\" role=\"button\" rel=\"noopener\">\n\t\t\t\t\t\t\t\u00a1DONE AHORA!\n\t\t\t\t\t<\/a>","protected":false},"excerpt":{"rendered":"<p>Weatherization CAVC&#8217;s Weatherization program makes crucial repairs to Ventura County homes at no cost to homeowners. Whether fixes are as simple as replacing lightbulbs, or as complex as adding insulation&hellip;<\/p>","protected":false},"author":1,"featured_media":0,"parent":0,"menu_order":0,"comment_status":"closed","ping_status":"closed","template":"","meta":{"_price":"","_stock":"","_tribe_ticket_header":"","_tribe_default_ticket_provider":"","_tribe_ticket_capacity":"0","_ticket_start_date":"","_ticket_end_date":"","_tribe_ticket_show_description":"","_tribe_ticket_show_not_going":false,"_tribe_ticket_use_global_stock":"","_tribe_ticket_global_stock_level":"","_global_stock_mode":"","_global_stock_cap":"","_tribe_rsvp_for_event":"","_tribe_ticket_going_count":"","_tribe_ticket_not_going_count":"","_tribe_tickets_list":"[]","_tribe_ticket_has_attendee_info_fields":false,"footnotes":"","_tec_slr_enabled":"","_tec_slr_layout":""},"class_list":["post-3224","page","type-page","status-publish","hentry"],"yoast_head":"<!-- This site is optimized with the Yoast SEO plugin v25.7 - https:\/\/yoast.com\/wordpress\/plugins\/seo\/ -->\n<title>Weatherization - Community Action VC<\/title>\n<meta name=\"robots\" content=\"index, follow, max-snippet:-1, max-image-preview:large, max-video-preview:-1\" \/>\n<link rel=\"canonical\" href=\"https:\/\/ca-vc.org\/es\/weatherization\/\" \/>\n<meta property=\"og:locale\" content=\"es_MX\" \/>\n<meta property=\"og:type\" content=\"article\" \/>\n<meta property=\"og:title\" content=\"Weatherization - Community Action VC\" \/>\n<meta property=\"og:description\" content=\"Weatherization CAVC&#8217;s Weatherization program makes crucial repairs to Ventura County homes at no cost to homeowners. Whether fixes are as simple as replacing lightbulbs, or as complex as adding insulation&hellip;\" \/>\n<meta property=\"og:url\" content=\"https:\/\/ca-vc.org\/es\/weatherization\/\" \/>\n<meta property=\"og:site_name\" content=\"Community Action VC\" \/>\n<meta property=\"article:publisher\" content=\"https:\/\/www.facebook.com\/capventura\/\" \/>\n<meta property=\"article:modified_time\" content=\"2025-06-18T15:04:26+00:00\" \/>\n<meta property=\"og:image\" content=\"https:\/\/ca-vc.org\/wp-content\/uploads\/2022\/06\/weatherization.jpg\" \/>\n<meta name=\"twitter:card\" content=\"summary_large_image\" \/>\n<meta name=\"twitter:site\" content=\"@cap_ventura\" \/>\n<script type=\"application\/ld+json\" class=\"yoast-schema-graph\">{\"@context\":\"https:\/\/schema.org\",\"@graph\":[{\"@type\":\"WebPage\",\"@id\":\"https:\/\/ca-vc.org\/weatherization\/\",\"url\":\"https:\/\/ca-vc.org\/weatherization\/\",\"name\":\"Weatherization - Community Action VC\",\"isPartOf\":{\"@id\":\"https:\/\/ca-vc.org\/#website\"},\"primaryImageOfPage\":{\"@id\":\"https:\/\/ca-vc.org\/weatherization\/#primaryimage\"},\"image\":{\"@id\":\"https:\/\/ca-vc.org\/weatherization\/#primaryimage\"},\"thumbnailUrl\":\"https:\/\/ca-vc.org\/wp-content\/uploads\/2022\/06\/weatherization.jpg\",\"datePublished\":\"2022-06-15T20:52:45+00:00\",\"dateModified\":\"2025-06-18T15:04:26+00:00\",\"breadcrumb\":{\"@id\":\"https:\/\/ca-vc.org\/weatherization\/#breadcrumb\"},\"inLanguage\":\"es\",\"potentialAction\":[{\"@type\":\"ReadAction\",\"target\":[\"https:\/\/ca-vc.org\/weatherization\/\"]}]},{\"@type\":\"ImageObject\",\"inLanguage\":\"es\",\"@id\":\"https:\/\/ca-vc.org\/weatherization\/#primaryimage\",\"url\":\"https:\/\/ca-vc.org\/wp-content\/uploads\/2022\/06\/weatherization.jpg\",\"contentUrl\":\"https:\/\/ca-vc.org\/wp-content\/uploads\/2022\/06\/weatherization.jpg\"},{\"@type\":\"BreadcrumbList\",\"@id\":\"https:\/\/ca-vc.org\/weatherization\/#breadcrumb\",\"itemListElement\":[{\"@type\":\"ListItem\",\"position\":1,\"name\":\"Home\",\"item\":\"https:\/\/ca-vc.org\/\"},{\"@type\":\"ListItem\",\"position\":2,\"name\":\"Weatherization\"}]},{\"@type\":\"WebSite\",\"@id\":\"https:\/\/ca-vc.org\/#website\",\"url\":\"https:\/\/ca-vc.org\/\",\"name\":\"Community Action VC\",\"description\":\"Helping People. Changing Lives.\",\"publisher\":{\"@id\":\"https:\/\/ca-vc.org\/#organization\"},\"potentialAction\":[{\"@type\":\"SearchAction\",\"target\":{\"@type\":\"EntryPoint\",\"urlTemplate\":\"https:\/\/ca-vc.org\/?s={search_term_string}\"},\"query-input\":{\"@type\":\"PropertyValueSpecification\",\"valueRequired\":true,\"valueName\":\"search_term_string\"}}],\"inLanguage\":\"es\"},{\"@type\":\"Organization\",\"@id\":\"https:\/\/ca-vc.org\/#organization\",\"name\":\"Community Action of Ventura County\",\"url\":\"https:\/\/ca-vc.org\/\",\"logo\":{\"@type\":\"ImageObject\",\"inLanguage\":\"es\",\"@id\":\"https:\/\/ca-vc.org\/#\/schema\/logo\/image\/\",\"url\":\"https:\/\/ca-vc.org\/wp-content\/uploads\/2018\/12\/LOGO-2022-OFFICIAL-B.png\",\"contentUrl\":\"https:\/\/ca-vc.org\/wp-content\/uploads\/2018\/12\/LOGO-2022-OFFICIAL-B.png\",\"width\":1000,\"height\":387,\"caption\":\"Community Action of Ventura County\"},\"image\":{\"@id\":\"https:\/\/ca-vc.org\/#\/schema\/logo\/image\/\"},\"sameAs\":[\"https:\/\/www.facebook.com\/capventura\/\",\"https:\/\/x.com\/cap_ventura\",\"https:\/\/www.instagram.com\/cap_ventura\/\"]}]}<\/script>\n<!-- \/ Yoast SEO plugin. -->","yoast_head_json":{"title":"Weatherization - Community Action VC","robots":{"index":"index","follow":"follow","max-snippet":"max-snippet:-1","max-image-preview":"max-image-preview:large","max-video-preview":"max-video-preview:-1"},"canonical":"https:\/\/ca-vc.org\/es\/weatherization\/","og_locale":"es_MX","og_type":"article","og_title":"Weatherization - Community Action VC","og_description":"Weatherization CAVC&#8217;s Weatherization program makes crucial repairs to Ventura County homes at no cost to homeowners. Whether fixes are as simple as replacing lightbulbs, or as complex as adding insulation&hellip;","og_url":"https:\/\/ca-vc.org\/es\/weatherization\/","og_site_name":"Community Action VC","article_publisher":"https:\/\/www.facebook.com\/capventura\/","article_modified_time":"2025-06-18T15:04:26+00:00","og_image":[{"url":"https:\/\/ca-vc.org\/wp-content\/uploads\/2022\/06\/weatherization.jpg","type":"","width":"","height":""}],"twitter_card":"summary_large_image","twitter_site":"@cap_ventura","schema":{"@context":"https:\/\/schema.org","@graph":[{"@type":"WebPage","@id":"https:\/\/ca-vc.org\/weatherization\/","url":"https:\/\/ca-vc.org\/weatherization\/","name":"Weatherization - Community Action VC","isPartOf":{"@id":"https:\/\/ca-vc.org\/#website"},"primaryImageOfPage":{"@id":"https:\/\/ca-vc.org\/weatherization\/#primaryimage"},"image":{"@id":"https:\/\/ca-vc.org\/weatherization\/#primaryimage"},"thumbnailUrl":"https:\/\/ca-vc.org\/wp-content\/uploads\/2022\/06\/weatherization.jpg","datePublished":"2022-06-15T20:52:45+00:00","dateModified":"2025-06-18T15:04:26+00:00","breadcrumb":{"@id":"https:\/\/ca-vc.org\/weatherization\/#breadcrumb"},"inLanguage":"es","potentialAction":[{"@type":"ReadAction","target":["https:\/\/ca-vc.org\/weatherization\/"]}]},{"@type":"ImageObject","inLanguage":"es","@id":"https:\/\/ca-vc.org\/weatherization\/#primaryimage","url":"https:\/\/ca-vc.org\/wp-content\/uploads\/2022\/06\/weatherization.jpg","contentUrl":"https:\/\/ca-vc.org\/wp-content\/uploads\/2022\/06\/weatherization.jpg"},{"@type":"BreadcrumbList","@id":"https:\/\/ca-vc.org\/weatherization\/#breadcrumb","itemListElement":[{"@type":"ListItem","position":1,"name":"Home","item":"https:\/\/ca-vc.org\/"},{"@type":"ListItem","position":2,"name":"Weatherization"}]},{"@type":"WebSite","@id":"https:\/\/ca-vc.org\/#website","url":"https:\/\/ca-vc.org\/","name":"Community Action VC","description":"Helping People. Changing Lives.","publisher":{"@id":"https:\/\/ca-vc.org\/#organization"},"potentialAction":[{"@type":"SearchAction","target":{"@type":"EntryPoint","urlTemplate":"https:\/\/ca-vc.org\/?s={search_term_string}"},"query-input":{"@type":"PropertyValueSpecification","valueRequired":true,"valueName":"search_term_string"}}],"inLanguage":"es"},{"@type":"Organization","@id":"https:\/\/ca-vc.org\/#organization","name":"Acci\u00f3n Comunitaria del Condado de Ventura","url":"https:\/\/ca-vc.org\/","logo":{"@type":"ImageObject","inLanguage":"es","@id":"https:\/\/ca-vc.org\/#\/schema\/logo\/image\/","url":"https:\/\/ca-vc.org\/wp-content\/uploads\/2018\/12\/LOGO-2022-OFFICIAL-B.png","contentUrl":"https:\/\/ca-vc.org\/wp-content\/uploads\/2018\/12\/LOGO-2022-OFFICIAL-B.png","width":1000,"height":387,"caption":"Community Action of Ventura County"},"image":{"@id":"https:\/\/ca-vc.org\/#\/schema\/logo\/image\/"},"sameAs":["https:\/\/www.facebook.com\/capventura\/","https:\/\/x.com\/cap_ventura","https:\/\/www.instagram.com\/cap_ventura\/"]}]}},"ticketed":false,"_links":{"self":[{"href":"https:\/\/ca-vc.org\/es\/wp-json\/wp\/v2\/pages\/3224","targetHints":{"allow":["GET"]}}],"collection":[{"href":"https:\/\/ca-vc.org\/es\/wp-json\/wp\/v2\/pages"}],"about":[{"href":"https:\/\/ca-vc.org\/es\/wp-json\/wp\/v2\/types\/page"}],"author":[{"embeddable":true,"href":"https:\/\/ca-vc.org\/es\/wp-json\/wp\/v2\/users\/1"}],"replies":[{"embeddable":true,"href":"https:\/\/ca-vc.org\/es\/wp-json\/wp\/v2\/comments?post=3224"}],"version-history":[{"count":0,"href":"https:\/\/ca-vc.org\/es\/wp-json\/wp\/v2\/pages\/3224\/revisions"}],"wp:attachment":[{"href":"https:\/\/ca-vc.org\/es\/wp-json\/wp\/v2\/media?parent=3224"}],"curies":[{"name":"wp","href":"https:\/\/api.w.org\/{rel}","templated":true}]}}