{"id":3187,"date":"2022-06-15T09:22:37","date_gmt":"2022-06-15T16:22:37","guid":{"rendered":"https:\/\/ca-vc.org\/?page_id=3187"},"modified":"2025-02-04T10:32:29","modified_gmt":"2025-02-04T18:32:29","slug":"food-programs","status":"publish","type":"page","link":"https:\/\/ca-vc.org\/es\/food-programs\/","title":{"rendered":"Programas de Alimentos"},"content":{"rendered":"<h1>\n\t\tProgramas de Alimentos\n\t<\/h1>\n<h2>\n\t\tMercado Comunitario\n\t<\/h2>\n\t<p>Todos los jueves por la ma\u00f1ana, organizamos nuestro mercado comunitario semanal en nuestro campus de Oxnard. Este autoservicio distribuye productos frescos, productos enlatados y otros comestibles sin costo alguno para los participantes que han demostrado necesidad.<\/p>\n<p>Lo que comenz\u00f3 como una forma creativa de distribuir r\u00e1pidamente alimentos a los miembros de la comunidad que los necesitaban, se convirti\u00f3 en un programa b\u00e1sico durante la pandemia de COVID-19 y m\u00e1s all\u00e1. En febrero de 2020, alimentamos a aproximadamente 100 familias y hogares por semana todos los jueves; en unos pocos meses, ese n\u00famero semanal promedio se cuadruplic\u00f3, cuadruplicamos nuestra distribuci\u00f3n semanal. En 2021, vimos un aumento de 40% en la demanda de comestibles del Mercado Comunitario desde 2020 y distribuimos m\u00e1s de 640,000 libras de alimentos a las comunidades del condado de Ventura.<\/p>\n<p>Ahora, distribuimos m\u00e1s de 300 cajas de productos frescos y comestibles todos los jueves.<\/p>\n\t\t\t\t<img decoding=\"async\" data-src=\"https:\/\/ca-vc.org\/wp-content\/uploads\/2022\/06\/foodpantry-box-volunteer.jpg\" alt=\"Cheerful and smiling male volunteer\" itemprop=\"image\" height=\"938\" width=\"630\" onerror=\"this.style.display='none'\" src=\"data:image\/svg+xml;base64,PHN2ZyB3aWR0aD0iMSIgaGVpZ2h0PSIxIiB4bWxucz0iaHR0cDovL3d3dy53My5vcmcvMjAwMC9zdmciPjwvc3ZnPg==\" class=\"lazyload\" style=\"--smush-placeholder-width: 630px; --smush-placeholder-aspect-ratio: 630\/938;\" \/>\n\t\t\t\t<img decoding=\"async\" data-src=\"https:\/\/ca-vc.org\/wp-content\/uploads\/2022\/06\/food-pantry-volunteers2.jpg\" alt=\"Couple volunteer with friends at outdoor food bank\" itemprop=\"image\" height=\"719\" width=\"1321\" onerror=\"this.style.display='none'\" src=\"data:image\/svg+xml;base64,PHN2ZyB3aWR0aD0iMSIgaGVpZ2h0PSIxIiB4bWxucz0iaHR0cDovL3d3dy53My5vcmcvMjAwMC9zdmciPjwvc3ZnPg==\" class=\"lazyload\" style=\"--smush-placeholder-width: 1321px; --smush-placeholder-aspect-ratio: 1321\/719;\" \/>\n<h2>\n\t\tC\u00f3mo puedes ayudar\n\t<\/h2>\n\t<p>Los voluntarios ayudan a coordinar la l\u00ednea de autoservicio, empacar cajas de comestibles y garantizar que los hogares y las familias que conducen a trav\u00e9s del Mercado Comunitario sean atendidos con dignidad. Siempre estamos buscando m\u00e1s voluntarios que quieran servir a los necesitados y garantizar que las familias del condado de Ventura no pasen hambre. Comun\u00edquese con Russell Wilson, Gerente del Programa de Alimentos, al 805-816-5832 o env\u00ede un correo electr\u00f3nico\u00a0<strong><a href=\"mailto:rwilson@ca-vc.org?subject=CAVC%20Food%20Program%20Information\">rwilson@ca-vc.org<\/a><\/strong>\u00a0hoy para aprender c\u00f3mo puede ayudar.<\/p>\n<h2>\n\t\tCentro de alimentos\n\t<\/h2>\n\t<p>Nuestro Programa de Alimentos tambi\u00e9n sirve como un centro para las despensas de alimentos en todo el condado de Ventura. Como centro de alimentos, compartimos recursos y alimentos para garantizar que todas las comunidades del condado de Ventura tengan acceso a productos frescos y comestibles cuando m\u00e1s los necesitan. Para ver una lista de despensas de alimentos locales, visite nuestro <strong><a href=\"https:\/\/ca-vc.org\/es\/partners-resources\/\">Socios y recursos<\/a><\/strong> p\u00e1gina para m\u00e1s.<\/p>\n<h2>\n\t\tPARTNERS\n\t<\/h2>\n\t<p>Our food distribution is made possible by various partnerships in the community which include: FoodShare, FoodForward. Along with the State of California&#8217;s Cal Recycle Program and Waste-free Ventura County which allows us to recover edible food from going into landfills.<\/p>\n\t\t\t\t<img decoding=\"async\" data-src=\"https:\/\/ca-vc.org\/wp-content\/uploads\/2022\/09\/CCI_logo_tagline-500x393.jpg\" alt=\"CCI_logo_tagline\" itemprop=\"image\" height=\"393\" width=\"500\" title=\"CCI_logo_tagline\" onerror=\"this.style.display='none'\" src=\"data:image\/svg+xml;base64,PHN2ZyB3aWR0aD0iMSIgaGVpZ2h0PSIxIiB4bWxucz0iaHR0cDovL3d3dy53My5vcmcvMjAwMC9zdmciPjwvc3ZnPg==\" class=\"lazyload\" style=\"--smush-placeholder-width: 500px; --smush-placeholder-aspect-ratio: 500\/393;\" \/>\n\t\t\t\t<img decoding=\"async\" data-src=\"https:\/\/ca-vc.org\/wp-content\/uploads\/2022\/09\/CalLogoSKTcolor.png\" alt=\"CalLogoSKTcolor\" itemprop=\"image\" height=\"141\" width=\"197\" title=\"CalLogoSKTcolor\" onerror=\"this.style.display='none'\" src=\"data:image\/svg+xml;base64,PHN2ZyB3aWR0aD0iMSIgaGVpZ2h0PSIxIiB4bWxucz0iaHR0cDovL3d3dy53My5vcmcvMjAwMC9zdmciPjwvc3ZnPg==\" class=\"lazyload\" style=\"--smush-placeholder-width: 197px; --smush-placeholder-aspect-ratio: 197\/141;\" \/>\n<h3>\n\t\tSacar a las comunidades de la pobreza hoy\n\t<\/h3>\n\t\t\t<a href=\"https:\/\/givebutter.com\/OVGIY0\" target=\"_blank\" role=\"button\" rel=\"noopener\">\n\t\t\t\t\t\t\t\u00a1DONE AHORA!\n\t\t\t\t\t<\/a>","protected":false},"excerpt":{"rendered":"<p>Food Programs Community Market Every Thursday morning, we host our weekly Community Market on our Oxnard campus. This drive-through distributes fresh produce, canned goods, and other groceries at no cost&hellip;<\/p>","protected":false},"author":1,"featured_media":0,"parent":0,"menu_order":0,"comment_status":"closed","ping_status":"closed","template":"","meta":{"_price":"","_stock":"","_tribe_ticket_header":"","_tribe_default_ticket_provider":"","_tribe_ticket_capacity":"0","_ticket_start_date":"","_ticket_end_date":"","_tribe_ticket_show_description":"","_tribe_ticket_show_not_going":false,"_tribe_ticket_use_global_stock":"","_tribe_ticket_global_stock_level":"","_global_stock_mode":"","_global_stock_cap":"","_tribe_rsvp_for_event":"","_tribe_ticket_going_count":"","_tribe_ticket_not_going_count":"","_tribe_tickets_list":"[]","_tribe_ticket_has_attendee_info_fields":false,"footnotes":"","_tec_slr_enabled":"","_tec_slr_layout":""},"class_list":["post-3187","page","type-page","status-publish","hentry"],"yoast_head":"<!-- This site is optimized with the Yoast SEO plugin v25.7 - https:\/\/yoast.com\/wordpress\/plugins\/seo\/ -->\n<title>Food Programs - Community Action VC<\/title>\n<meta name=\"robots\" content=\"index, follow, max-snippet:-1, max-image-preview:large, max-video-preview:-1\" \/>\n<link rel=\"canonical\" href=\"https:\/\/ca-vc.org\/es\/food-programs\/\" \/>\n<meta property=\"og:locale\" content=\"es_MX\" \/>\n<meta property=\"og:type\" content=\"article\" \/>\n<meta property=\"og:title\" content=\"Food Programs - Community Action VC\" \/>\n<meta property=\"og:description\" content=\"Food Programs Community Market Every Thursday morning, we host our weekly Community Market on our Oxnard campus. This drive-through distributes fresh produce, canned goods, and other groceries at no cost&hellip;\" \/>\n<meta property=\"og:url\" content=\"https:\/\/ca-vc.org\/es\/food-programs\/\" \/>\n<meta property=\"og:site_name\" content=\"Community Action VC\" \/>\n<meta property=\"article:publisher\" content=\"https:\/\/www.facebook.com\/capventura\/\" \/>\n<meta property=\"article:modified_time\" content=\"2025-02-04T18:32:29+00:00\" \/>\n<meta property=\"og:image\" content=\"https:\/\/ca-vc.org\/wp-content\/uploads\/2022\/06\/foodpantry-box-volunteer.jpg\" \/>\n<meta name=\"twitter:card\" content=\"summary_large_image\" \/>\n<meta name=\"twitter:site\" content=\"@cap_ventura\" \/>\n<script type=\"application\/ld+json\" class=\"yoast-schema-graph\">{\"@context\":\"https:\/\/schema.org\",\"@graph\":[{\"@type\":\"WebPage\",\"@id\":\"https:\/\/ca-vc.org\/food-programs\/\",\"url\":\"https:\/\/ca-vc.org\/food-programs\/\",\"name\":\"Food Programs - Community Action VC\",\"isPartOf\":{\"@id\":\"https:\/\/ca-vc.org\/#website\"},\"primaryImageOfPage\":{\"@id\":\"https:\/\/ca-vc.org\/food-programs\/#primaryimage\"},\"image\":{\"@id\":\"https:\/\/ca-vc.org\/food-programs\/#primaryimage\"},\"thumbnailUrl\":\"https:\/\/ca-vc.org\/wp-content\/uploads\/2022\/06\/foodpantry-box-volunteer.jpg\",\"datePublished\":\"2022-06-15T16:22:37+00:00\",\"dateModified\":\"2025-02-04T18:32:29+00:00\",\"breadcrumb\":{\"@id\":\"https:\/\/ca-vc.org\/food-programs\/#breadcrumb\"},\"inLanguage\":\"es\",\"potentialAction\":[{\"@type\":\"ReadAction\",\"target\":[\"https:\/\/ca-vc.org\/food-programs\/\"]}]},{\"@type\":\"ImageObject\",\"inLanguage\":\"es\",\"@id\":\"https:\/\/ca-vc.org\/food-programs\/#primaryimage\",\"url\":\"https:\/\/ca-vc.org\/wp-content\/uploads\/2022\/06\/foodpantry-box-volunteer.jpg\",\"contentUrl\":\"https:\/\/ca-vc.org\/wp-content\/uploads\/2022\/06\/foodpantry-box-volunteer.jpg\"},{\"@type\":\"BreadcrumbList\",\"@id\":\"https:\/\/ca-vc.org\/food-programs\/#breadcrumb\",\"itemListElement\":[{\"@type\":\"ListItem\",\"position\":1,\"name\":\"Home\",\"item\":\"https:\/\/ca-vc.org\/\"},{\"@type\":\"ListItem\",\"position\":2,\"name\":\"Food Programs\"}]},{\"@type\":\"WebSite\",\"@id\":\"https:\/\/ca-vc.org\/#website\",\"url\":\"https:\/\/ca-vc.org\/\",\"name\":\"Community Action VC\",\"description\":\"Helping People. Changing Lives.\",\"publisher\":{\"@id\":\"https:\/\/ca-vc.org\/#organization\"},\"potentialAction\":[{\"@type\":\"SearchAction\",\"target\":{\"@type\":\"EntryPoint\",\"urlTemplate\":\"https:\/\/ca-vc.org\/?s={search_term_string}\"},\"query-input\":{\"@type\":\"PropertyValueSpecification\",\"valueRequired\":true,\"valueName\":\"search_term_string\"}}],\"inLanguage\":\"es\"},{\"@type\":\"Organization\",\"@id\":\"https:\/\/ca-vc.org\/#organization\",\"name\":\"Community Action of Ventura County\",\"url\":\"https:\/\/ca-vc.org\/\",\"logo\":{\"@type\":\"ImageObject\",\"inLanguage\":\"es\",\"@id\":\"https:\/\/ca-vc.org\/#\/schema\/logo\/image\/\",\"url\":\"https:\/\/ca-vc.org\/wp-content\/uploads\/2018\/12\/LOGO-2022-OFFICIAL-B.png\",\"contentUrl\":\"https:\/\/ca-vc.org\/wp-content\/uploads\/2018\/12\/LOGO-2022-OFFICIAL-B.png\",\"width\":1000,\"height\":387,\"caption\":\"Community Action of Ventura County\"},\"image\":{\"@id\":\"https:\/\/ca-vc.org\/#\/schema\/logo\/image\/\"},\"sameAs\":[\"https:\/\/www.facebook.com\/capventura\/\",\"https:\/\/x.com\/cap_ventura\",\"https:\/\/www.instagram.com\/cap_ventura\/\"]}]}<\/script>\n<!-- \/ Yoast SEO plugin. -->","yoast_head_json":{"title":"Food Programs - Community Action VC","robots":{"index":"index","follow":"follow","max-snippet":"max-snippet:-1","max-image-preview":"max-image-preview:large","max-video-preview":"max-video-preview:-1"},"canonical":"https:\/\/ca-vc.org\/es\/food-programs\/","og_locale":"es_MX","og_type":"article","og_title":"Food Programs - Community Action VC","og_description":"Food Programs Community Market Every Thursday morning, we host our weekly Community Market on our Oxnard campus. This drive-through distributes fresh produce, canned goods, and other groceries at no cost&hellip;","og_url":"https:\/\/ca-vc.org\/es\/food-programs\/","og_site_name":"Community Action VC","article_publisher":"https:\/\/www.facebook.com\/capventura\/","article_modified_time":"2025-02-04T18:32:29+00:00","og_image":[{"url":"https:\/\/ca-vc.org\/wp-content\/uploads\/2022\/06\/foodpantry-box-volunteer.jpg","type":"","width":"","height":""}],"twitter_card":"summary_large_image","twitter_site":"@cap_ventura","schema":{"@context":"https:\/\/schema.org","@graph":[{"@type":"WebPage","@id":"https:\/\/ca-vc.org\/food-programs\/","url":"https:\/\/ca-vc.org\/food-programs\/","name":"Food Programs - Community Action VC","isPartOf":{"@id":"https:\/\/ca-vc.org\/#website"},"primaryImageOfPage":{"@id":"https:\/\/ca-vc.org\/food-programs\/#primaryimage"},"image":{"@id":"https:\/\/ca-vc.org\/food-programs\/#primaryimage"},"thumbnailUrl":"https:\/\/ca-vc.org\/wp-content\/uploads\/2022\/06\/foodpantry-box-volunteer.jpg","datePublished":"2022-06-15T16:22:37+00:00","dateModified":"2025-02-04T18:32:29+00:00","breadcrumb":{"@id":"https:\/\/ca-vc.org\/food-programs\/#breadcrumb"},"inLanguage":"es","potentialAction":[{"@type":"ReadAction","target":["https:\/\/ca-vc.org\/food-programs\/"]}]},{"@type":"ImageObject","inLanguage":"es","@id":"https:\/\/ca-vc.org\/food-programs\/#primaryimage","url":"https:\/\/ca-vc.org\/wp-content\/uploads\/2022\/06\/foodpantry-box-volunteer.jpg","contentUrl":"https:\/\/ca-vc.org\/wp-content\/uploads\/2022\/06\/foodpantry-box-volunteer.jpg"},{"@type":"BreadcrumbList","@id":"https:\/\/ca-vc.org\/food-programs\/#breadcrumb","itemListElement":[{"@type":"ListItem","position":1,"name":"Home","item":"https:\/\/ca-vc.org\/"},{"@type":"ListItem","position":2,"name":"Food Programs"}]},{"@type":"WebSite","@id":"https:\/\/ca-vc.org\/#website","url":"https:\/\/ca-vc.org\/","name":"Community Action VC","description":"Helping People. Changing Lives.","publisher":{"@id":"https:\/\/ca-vc.org\/#organization"},"potentialAction":[{"@type":"SearchAction","target":{"@type":"EntryPoint","urlTemplate":"https:\/\/ca-vc.org\/?s={search_term_string}"},"query-input":{"@type":"PropertyValueSpecification","valueRequired":true,"valueName":"search_term_string"}}],"inLanguage":"es"},{"@type":"Organization","@id":"https:\/\/ca-vc.org\/#organization","name":"Acci\u00f3n Comunitaria del Condado de Ventura","url":"https:\/\/ca-vc.org\/","logo":{"@type":"ImageObject","inLanguage":"es","@id":"https:\/\/ca-vc.org\/#\/schema\/logo\/image\/","url":"https:\/\/ca-vc.org\/wp-content\/uploads\/2018\/12\/LOGO-2022-OFFICIAL-B.png","contentUrl":"https:\/\/ca-vc.org\/wp-content\/uploads\/2018\/12\/LOGO-2022-OFFICIAL-B.png","width":1000,"height":387,"caption":"Community Action of Ventura County"},"image":{"@id":"https:\/\/ca-vc.org\/#\/schema\/logo\/image\/"},"sameAs":["https:\/\/www.facebook.com\/capventura\/","https:\/\/x.com\/cap_ventura","https:\/\/www.instagram.com\/cap_ventura\/"]}]}},"ticketed":false,"_links":{"self":[{"href":"https:\/\/ca-vc.org\/es\/wp-json\/wp\/v2\/pages\/3187","targetHints":{"allow":["GET"]}}],"collection":[{"href":"https:\/\/ca-vc.org\/es\/wp-json\/wp\/v2\/pages"}],"about":[{"href":"https:\/\/ca-vc.org\/es\/wp-json\/wp\/v2\/types\/page"}],"author":[{"embeddable":true,"href":"https:\/\/ca-vc.org\/es\/wp-json\/wp\/v2\/users\/1"}],"replies":[{"embeddable":true,"href":"https:\/\/ca-vc.org\/es\/wp-json\/wp\/v2\/comments?post=3187"}],"version-history":[{"count":0,"href":"https:\/\/ca-vc.org\/es\/wp-json\/wp\/v2\/pages\/3187\/revisions"}],"wp:attachment":[{"href":"https:\/\/ca-vc.org\/es\/wp-json\/wp\/v2\/media?parent=3187"}],"curies":[{"name":"wp","href":"https:\/\/api.w.org\/{rel}","templated":true}]}}